{"id":248,"date":"2018-07-16T08:35:14","date_gmt":"2018-07-16T08:35:14","guid":{"rendered":"https:\/\/newvet.es\/?page_id=248"},"modified":"2019-05-12T11:25:14","modified_gmt":"2019-05-12T11:25:14","slug":"avis-legal","status":"publish","type":"page","link":"https:\/\/newvet.es\/ca\/avis-legal\/","title":{"rendered":"Avis Legal"},"content":{"rendered":"<h1>Av\u00eds Legal<\/h1>\n<p>1. IDENTIFICACI\u00d3 DEL RESPONSABLE DEL LLOC WEB.En virtut de la Llei 15\/1999, de 13 de desembre, sobre Protecci\u00f3 de Dades de car\u00e0cter personal, i el que estableix la Llei 34\/2002, de 11 de juliol, de Serveis de la Societat de la Informaci\u00f3 i de Comer\u00e7 Electr\u00f2nic, et informem que les dades reflectides en aquesta comunicaci\u00f3, seran incorporades a un fitxer responsabilitat del New Veterinary Group SL (Des d&#8217;ara VETALLIANCE) amb domicili social a; Avinguda de Sant Ignasi de Loiola 12 CP: 08912 Badalona &#8211; Barcelona, amb C.I.F: B65837726 i inscrita en el Registre Mercantil de Barcelona. La finalitat d&#8217;aquest lloc web \u00e9s la de generar contingut informatiu a disposici\u00f3 dels usuaris per crear canals d&#8217;informaci\u00f3, opinions i colaboraci\u00f3n.Tambi\u00e9n pots contactar remetent un correu electr\u00f2nic a info@vetalliance.cat, o b\u00e9 trucant-nos al Tel. + 34 93 016 17 gen.2. OBJECTEEl present AV\u00cdS LEGAL regula els drets i obligacions de VETALLIANCE i dels usuaris en relaci\u00f3 a l&#8217;acc\u00e9s, navegaci\u00f3 i utilitzaci\u00f3 de la present web sense perjudici que VETALLIANCE es reservi el dret a modificar, sense previ av\u00eds, el seu contingut, sent vigents les que es trobin publicades en el moment de navegaci\u00f3n.Mediante la navegaci\u00f3, visualitzaci\u00f3 i \u00fas d&#8217;aquesta web adquireixes la condici\u00f3 d&#8217;usuari, i per tant implica per part teva l&#8217;acceptaci\u00f3 expressa de totes les cl\u00e0usules que indiquem en el present Av\u00eds Legal, aix\u00ed com el resta d&#8217;advert\u00e8ncies o cl\u00e0usules espec\u00edfiques que s&#8217;estableixin en les diferents seccions per a la contractaci\u00f3, \u00fas de serveis, productes, inscripcions, o seccions de la P\u00e1gina.Por que en cas de no acceptar les cl\u00e0usules establertes en el present Av\u00eds Legal, haur\u00e0s abstenir d&#8217;accedir i \/ o utilitzar els serveis i \/ o continguts posats a la teva disposici\u00f3 a la P\u00e0gina, procedint a abandonar la mateixa. VETALLIANCE podr\u00e0 donar per acabat, suspendre o interrompre, en qualsevol moment sense necessitat de previ av\u00eds, l&#8217;acc\u00e9s als continguts de la p\u00e0gina, sense possibilitat per part de l&#8217;Usuari d&#8217;exigir cap indemnitzaci\u00f3.3. acc\u00e9s al lloc webCom a usuari de la nostra web t&#8217;obligues a no utilitzar la p\u00e0gina per a la realitzaci\u00f3 d&#8217;activitats contr\u00e0ries a les lleis, a la moral, a l&#8217;ordre p\u00fablic i, en general, a fer un \u00fas conforme a les condicions establertes en el present Av\u00eds Legal. Aix\u00ed mateix, t&#8217;obliga a no realitzar activitats publicit\u00e0ries o d&#8217;explotaci\u00f3 comercial remetent missatges que utilitzin una identitat falsa. VETALLIANCE actua exclusivament com a responsable de la P\u00e0gina en la seva condici\u00f3 de prestador d&#8217;un servei d&#8217;informaci\u00f3 i continguts, b\u00e9 sobre els seus propis serveis, o b\u00e9 sobre serveis de tercers amb els quals ha subscrit acords, no es fa responsable dels continguts que, en contra de les presents condicions, els usuaris poguessin enviar o publicar, sent l&#8217;usuari l&#8217;\u00fanic responsable de la veracitat i licitud dels mateixos. VETALLIANCE podr\u00e0 interrompre el servei de la P\u00e0gina que estigui sent utilitzat per l&#8217;usuari i resoldre de manera immediata la relaci\u00f3 amb l&#8217;usuari si detecta un \u00fas de la P\u00e0gina o de qualsevol dels serveis que en el mateix s&#8217;ofereixen que pugui considerar contrari al que expressat en el present Av\u00eds Legal el contingut dels serveis oferts i el seu \u00fas queden limitats a usuaris majors de 18 anys. VETALLIANCE recorda als usuaris majors d&#8217;edat, que tinguin al seu c\u00e0rrec menors, que ser\u00e0 de la seva exclusiva responsabilitat determinar quins serveis i \/ o continguts s\u00f3n no apropiats per a l&#8217;edat d&#8217;aquests \u00faltims. En cas que tingui lloc l&#8217;acc\u00e9s i registre per part d&#8217;un menor, es presumeix que aquest acc\u00e9s s&#8217;ha realitzat amb autoritzaci\u00f3 pr\u00e8via i expressa dels seus pares, tutors o representants legals, VETALLIANCE es reserva el dret a realitzar totes les verificacions i comprovacions consideri oportunes a aix\u00f2. VETALLIANCE t&#8217;informa que hi ha programes inform\u00e0tics que permeten filtrar i bloquejar l&#8217;acc\u00e9s a determinats continguts i serveis, de tal manera que els pares o tutors, per exemple, poden decidir quins s\u00f3n els continguts i serveis d&#8217;Internet als quals els menors poden tenir acc\u00e9s i quins no.En cap cas VETALLIANCE es responsabilitzar\u00e0 de la veracitat de les dades facilitades pels usuaris, de manera que cada un d&#8217;aquests ser\u00e0 l&#8217;\u00fanic responsable que la informaci\u00f3 facilitada a VETALLIANCE resulti adequada, exacta, actualitzada i precisa o, en cas contrari, de les possibles conseq\u00fc\u00e8ncies que puguin derivar de la manca de qualitat i veracitat de les dades.<\/p>\n<p>4. Propietat intel\u00b7lectual i industrialLa totalitat d&#8217;aquesta p\u00e0gina: text, imatges, marques, gr\u00e0fics, logotips, botons, arxius de software, combinacions de colors, aix\u00ed com l&#8217;estructura, selecci\u00f3, ordenaci\u00f3 i presentaci\u00f3 dels seus continguts, es troba protegida per les lleis sobre Propietat Intel\u00b7lectual i industrial, quedant prohibida la seva reproducci\u00f3, distribuci\u00f3, comunicaci\u00f3 p\u00fablica i transformaci\u00f3, excepte per a \u00fas personal i privat. VETALLIANCE no garanteix que els continguts siguin precisos o lliures d&#8217;error o que el lliure \u00fas dels mateixos per l&#8217;usuari no infringeixi els drets de terceres parts. El bon o mal \u00fas d&#8217;aquesta p\u00e0gina i dels seus continguts est\u00e0 sota la responsabilitat del usuario.Asimismo, queda prohibida la reproducci\u00f3, retransmissi\u00f3, c\u00f2pia, cessi\u00f3 o redifusi\u00f3, total o parcial, de la informaci\u00f3 continguda en la P\u00e0gina, qualsevol que fos el seu finalitat i el mitj\u00e0 utilitzat per a aix\u00f2, sense autoritzaci\u00f3 pr\u00e8via de VETALLIANCE.5. ENLLA\u00c7OS O LINKSIgual que indic\u00e0vem anteriorment la nostra p\u00e0gina, a m\u00e9s dels enlla\u00e7os sobre productes, pot incloure enlla\u00e7os o links a llocs de tercers. Reiterem que les p\u00e0gines pertanyents a aquests tercers no han estat revisades ni s\u00f3n objecte de controls per part de VETALLIANCE, de manera que VETALLIANCE no podr\u00e0 ser considerada responsable dels continguts d&#8217;aquests llocs web, ni de les mesures que s&#8217;adoptin relatives a la seva privacitat o al tractament de les seves dades de car\u00e0cter personal o altres que es puguin derivar. VETALLIANCE recomana la lectura detinguda de les condicions d&#8217;\u00fas, pol\u00edtica de privacitat, avisos legals i \/ o similars d&#8217;aquests sitios.En cas d&#8217;estar interessat en activar un enlla\u00e7 a alguna de les p\u00e0gines de VETALLIANCE ha de comunicar, obtenint el consentiment expr\u00e9s per a crear l&#8217;enlla\u00e7. VETALLIANCE es reserva el dret d&#8217;oposici\u00f3 a l&#8217;activaci\u00f3 d&#8217;enlla\u00e7os amb el seu lloc web.6. LIMITACI\u00d3 DE RESPONSABILITATVETALLIANCE no ser\u00e0 responsable directa ni subsidi\u00e0riament: La qualitat del servei, la velocitat d&#8217;acc\u00e9s, el correcte funcionament ni la disponibilitat ni continu\u00eftat de funcionament de la P\u00e1gina.Los danys que puguin causar en els equips de l&#8217;usuari per la utilitzaci\u00f3 de la P\u00e0gina. els casos en qu\u00e8 un tercer, trencant les mesures de seguretat establertes, accedeixi als missatges o els utilitzi per a la remissi\u00f3 de virus inform\u00e1ticos.Los vicis i defectes de tota classe dels continguts transmesos, difosos, emmagatzemats o posats a disposici\u00f3n.La licitud , fiabilitat i utilitat dels continguts que els usuaris transmetin amb la utilitzaci\u00f3 de la p\u00e0gina o dels serveis en ella oferts, aix\u00ed com tampoc la seva veracitat o exactitud. VETALLIANCE no controla la utilitzaci\u00f3 que els usuaris fan de la P\u00e0gina, ni garanteix que ho facin conforme al que estableix el present Av\u00eds Legal.A t\u00edtol enunciatiu i amb car\u00e0cter no limitatiu, l&#8217;usuari ser\u00e0 responsable de: Dels continguts introdu\u00efts per ells, especialment de les dades i informacions introdu\u00efts i enviats a la Companyia per mitj\u00e0 de la P\u00e0gina oa la P\u00e1gina.De la realitzaci\u00f3 de qualsevol tipus d&#8217;actuaci\u00f3 en les p\u00e0gines de tercers, o actuacions il\u00b7l\u00edcites, lesives de drets, nocives i \/ o perjudicials. l&#8217;incompliment de qualsevol de les anteriors obligacions per part de l&#8217;usuari podr\u00e0 dur aparellada l&#8217;adopci\u00f3 de les mesures oportunes emparades en Dret i en l&#8217;exercici dels seus drets o obligacions, per part de VETALLIANCE podent arribar a l&#8217;eliminaci\u00f3 o bloqueig del compte de l&#8217;usuari infractor, sense que hi hagi possibilitat d&#8217;indemnitzaci\u00f3 pels danys i perjudicis causats.7. POL\u00cdTICA DE PRIVACITAT I PROTECCI\u00d3 DE DADESDe conformitat amb el que disposa la Llei Org\u00e0nica 15\/1999, de 13 de desembre, de protecci\u00f3 de dades de car\u00e0cter personal, totes les dades de car\u00e0cter personal facilitades durant la utilitzaci\u00f3 de la nostra p\u00e0gina seran tractades de conformitat amb el que disposa la Pol\u00edtica de privacitat que tot usuari ha d&#8217;acceptar expressament abans de facilitar dades personals a trav\u00e9s dels diferents formularis posats a disposici\u00f3 en les seccions de la nostra p\u00e0gina. VETALLIANCE adopta les mesures d&#8217;\u00edndole t\u00e8cnica i organitzativa necess\u00e0ries per garantir la seguretat de les dades de car\u00e0cter personal que cont\u00e9 per evitar la seva alteraci\u00f3, p\u00e8rdua, tractament o acc\u00e9s no autoritzat, at\u00e8s l&#8217;estat de la tecnologia, la naturalesa de les dades i els riscos als quals estan exposats i administra el seu entorn de servidors de forma adequada, tenint una infraestructura tallafocs d&#8217;estricte cumplimiento.Podr\u00e1s exercitar els drets d&#8217;acc\u00e9s, rectificaci\u00f3, oposici\u00f3 i cancel\u00b7laci\u00f3 mitjan\u00e7ant remetent un correu electr\u00f2nic a: info@vetalliace.cat, indicant en la cap\u00e7alera: protecci\u00f3 de dades equiparable usuari ser\u00e0 l&#8217;\u00fanic responsable de la veracitat de les dades facilitades a VETALLIANCE.<\/p>\n<p>8. POL\u00cdTICA DE COOKIESDe conformitat amb el que disposa la legislaci\u00f3 vigent sobre l&#8217;\u00fas de cookies, l&#8217;\u00fas aquestes ser\u00e0 tractat de conformitat amb el que disposa l&#8217;apartat anomenat Pol\u00edtica de Cookies existent en la present i, que tot usuari ha de llegir, acceptar i \/ o limitar durant la navegaci\u00f3, segons informa amb car\u00e0cter expressa el banner sobre cookies de la nostra web i la informaci\u00f3 addicional que es mostren sobre l&#8217;\u00fas de cookies en la mateixa. Podent limitar l&#8217;usuari la desc\u00e0rrega de COOKIES des de les opcions del navegador.9. LEGISLACI\u00d3 APLICABLE I JURISDICCI\u00d3 COMPETENT.El present Av\u00eds Legal es troba redactat en castell\u00e0, i es troba sotm\u00e8s a la legislaci\u00f3 espanyola vigent, que es ser\u00e0 d&#8217;aplicaci\u00f3 en el no disposat en el present en mat\u00e8ria d&#8217;interpretaci\u00f3, validesa i execuci\u00f3. VETALLIANCE i l&#8217;Usuari, amb ren\u00fancia expressa a qualsevol altre fur, se sotmeten als jutjats i tribunals del domicili de l&#8217;Usuari per a qualsevol controv\u00e8rsia que pogu\u00e9s derivar-se. En el cas que l&#8217;Usuari tingui el domicili fora d&#8217;Espanya, VETALLIANCE i l&#8217;Usuari se sotmeten, amb ren\u00fancia expressa a qualsevol altre fur, als jutjats i tribunals de Barcelona, Espanya.<\/p>\n","protected":false},"excerpt":{"rendered":"<p>Av\u00eds Legal 1. IDENTIFICACI\u00d3 DEL RESPONSABLE DEL LLOC WEB.En virtut de la Llei 15\/1999, de 13 de desembre, sobre Protecci\u00f3 de Dades de car\u00e0cter personal, i el que estableix la Llei 34\/2002, de 11 de juliol, de Serveis de la Societat de la Informaci\u00f3 i de Comer\u00e7 Electr\u00f2nic, et informem que les dades reflectides en [&hellip;]<\/p>\n","protected":false},"author":1,"featured_media":0,"parent":0,"menu_order":0,"comment_status":"closed","ping_status":"closed","template":"","meta":[],"yoast_head":"<!-- This site is optimized with the Yoast SEO plugin v17.5 - https:\/\/yoast.com\/wordpress\/plugins\/seo\/ -->\n<title>Avis Legal - New Vet<\/title>\n<meta name=\"robots\" content=\"noindex, follow\" \/>\n<meta property=\"og:locale\" content=\"ca_ES\" \/>\n<meta property=\"og:type\" content=\"article\" \/>\n<meta property=\"og:title\" content=\"Avis Legal - New Vet\" \/>\n<meta property=\"og:description\" content=\"Av\u00eds Legal 1. IDENTIFICACI\u00d3 DEL RESPONSABLE DEL LLOC WEB.En virtut de la Llei 15\/1999, de 13 de desembre, sobre Protecci\u00f3 de Dades de car\u00e0cter personal, i el que estableix la Llei 34\/2002, de 11 de juliol, de Serveis de la Societat de la Informaci\u00f3 i de Comer\u00e7 Electr\u00f2nic, et informem que les dades reflectides en [&hellip;]\" \/>\n<meta property=\"og:url\" content=\"https:\/\/newvet.es\/ca\/avis-legal\/\" \/>\n<meta property=\"og:site_name\" content=\"New Vet\" \/>\n<meta property=\"article:modified_time\" content=\"2019-05-12T11:25:14+00:00\" \/>\n<meta name=\"twitter:card\" content=\"summary\" \/>\n<meta name=\"twitter:label1\" content=\"Temps estimat de lectura\" \/>\n\t<meta name=\"twitter:data1\" content=\"9 minuts\" \/>\n<script type=\"application\/ld+json\" class=\"yoast-schema-graph\">{\"@context\":\"https:\/\/schema.org\",\"@graph\":[{\"@type\":\"WebSite\",\"@id\":\"https:\/\/newvet.es\/#website\",\"url\":\"https:\/\/newvet.es\/\",\"name\":\"New Vet\",\"description\":\"Clinica veterinaria Dosrius\",\"potentialAction\":[{\"@type\":\"SearchAction\",\"target\":{\"@type\":\"EntryPoint\",\"urlTemplate\":\"https:\/\/newvet.es\/?s={search_term_string}\"},\"query-input\":\"required name=search_term_string\"}],\"inLanguage\":\"ca\"},{\"@type\":\"WebPage\",\"@id\":\"https:\/\/newvet.es\/ca\/avis-legal\/#webpage\",\"url\":\"https:\/\/newvet.es\/ca\/avis-legal\/\",\"name\":\"Avis Legal - New Vet\",\"isPartOf\":{\"@id\":\"https:\/\/newvet.es\/#website\"},\"datePublished\":\"2018-07-16T08:35:14+00:00\",\"dateModified\":\"2019-05-12T11:25:14+00:00\",\"breadcrumb\":{\"@id\":\"https:\/\/newvet.es\/ca\/avis-legal\/#breadcrumb\"},\"inLanguage\":\"ca\",\"potentialAction\":[{\"@type\":\"ReadAction\",\"target\":[\"https:\/\/newvet.es\/ca\/avis-legal\/\"]}]},{\"@type\":\"BreadcrumbList\",\"@id\":\"https:\/\/newvet.es\/ca\/avis-legal\/#breadcrumb\",\"itemListElement\":[{\"@type\":\"ListItem\",\"position\":1,\"name\":\"Portada\",\"item\":\"https:\/\/newvet.es\/ca\/\"},{\"@type\":\"ListItem\",\"position\":2,\"name\":\"Avis Legal\"}]}]}<\/script>\n<!-- \/ Yoast SEO plugin. -->","yoast_head_json":{"title":"Avis Legal - New Vet","robots":{"index":"noindex","follow":"follow"},"og_locale":"ca_ES","og_type":"article","og_title":"Avis Legal - New Vet","og_description":"Av\u00eds Legal 1. IDENTIFICACI\u00d3 DEL RESPONSABLE DEL LLOC WEB.En virtut de la Llei 15\/1999, de 13 de desembre, sobre Protecci\u00f3 de Dades de car\u00e0cter personal, i el que estableix la Llei 34\/2002, de 11 de juliol, de Serveis de la Societat de la Informaci\u00f3 i de Comer\u00e7 Electr\u00f2nic, et informem que les dades reflectides en [&hellip;]","og_url":"https:\/\/newvet.es\/ca\/avis-legal\/","og_site_name":"New Vet","article_modified_time":"2019-05-12T11:25:14+00:00","twitter_card":"summary","twitter_misc":{"Temps estimat de lectura":"9 minuts"},"schema":{"@context":"https:\/\/schema.org","@graph":[{"@type":"WebSite","@id":"https:\/\/newvet.es\/#website","url":"https:\/\/newvet.es\/","name":"New Vet","description":"Clinica veterinaria Dosrius","potentialAction":[{"@type":"SearchAction","target":{"@type":"EntryPoint","urlTemplate":"https:\/\/newvet.es\/?s={search_term_string}"},"query-input":"required name=search_term_string"}],"inLanguage":"ca"},{"@type":"WebPage","@id":"https:\/\/newvet.es\/ca\/avis-legal\/#webpage","url":"https:\/\/newvet.es\/ca\/avis-legal\/","name":"Avis Legal - New Vet","isPartOf":{"@id":"https:\/\/newvet.es\/#website"},"datePublished":"2018-07-16T08:35:14+00:00","dateModified":"2019-05-12T11:25:14+00:00","breadcrumb":{"@id":"https:\/\/newvet.es\/ca\/avis-legal\/#breadcrumb"},"inLanguage":"ca","potentialAction":[{"@type":"ReadAction","target":["https:\/\/newvet.es\/ca\/avis-legal\/"]}]},{"@type":"BreadcrumbList","@id":"https:\/\/newvet.es\/ca\/avis-legal\/#breadcrumb","itemListElement":[{"@type":"ListItem","position":1,"name":"Portada","item":"https:\/\/newvet.es\/ca\/"},{"@type":"ListItem","position":2,"name":"Avis Legal"}]}]}},"_links":{"self":[{"href":"https:\/\/newvet.es\/ca\/wp-json\/wp\/v2\/pages\/248"}],"collection":[{"href":"https:\/\/newvet.es\/ca\/wp-json\/wp\/v2\/pages"}],"about":[{"href":"https:\/\/newvet.es\/ca\/wp-json\/wp\/v2\/types\/page"}],"author":[{"embeddable":true,"href":"https:\/\/newvet.es\/ca\/wp-json\/wp\/v2\/users\/1"}],"replies":[{"embeddable":true,"href":"https:\/\/newvet.es\/ca\/wp-json\/wp\/v2\/comments?post=248"}],"version-history":[{"count":1,"href":"https:\/\/newvet.es\/ca\/wp-json\/wp\/v2\/pages\/248\/revisions"}],"predecessor-version":[{"id":403,"href":"https:\/\/newvet.es\/ca\/wp-json\/wp\/v2\/pages\/248\/revisions\/403"}],"wp:attachment":[{"href":"https:\/\/newvet.es\/ca\/wp-json\/wp\/v2\/media?parent=248"}],"curies":[{"name":"wp","href":"https:\/\/api.w.org\/{rel}","templated":true}]}}