{"id":252,"date":"2018-07-16T08:36:52","date_gmt":"2018-07-16T08:36:52","guid":{"rendered":"https:\/\/newvet.es\/?page_id=252"},"modified":"2019-05-16T05:04:35","modified_gmt":"2019-05-16T05:04:35","slug":"coneix-nos","status":"publish","type":"page","link":"https:\/\/newvet.es\/ca\/coneix-nos\/","title":{"rendered":"Coneix-nos"},"content":{"rendered":"<h1 style=\"margin-bottom: 10px !important; margin-top: 30px !important;\"><span style=\"font-size: 46px;\">Coneix al nostre equip<\/span><\/h1>\n<p style=\"text-align: left;\">El nostre major objectiu \u00e9s preservar i millorar la qualitat de vida de la teva mascota mentre sentiu un tracte proper i de confian\u00e7a.<\/p>\n<p style=\"text-align: left;\">Entenem les necessitats de la teva mascota i creiem que una bona relaci\u00f3 entre el client i el nostre equip \u00e9s vital per l\u2019\u00e8xit de qualsevol dels tractaments i recuperaci\u00f3 de la teva mascota.<\/p>\n<p style=\"text-align: left;\">Tots i cadascun dels nostres especialistes esta degudament qualificat i la seva passi\u00f3 es vetllar per la salut del teu petit company. Estem orgullosos del nostre equip, sempre pendent de proporcionar-te el millor servei.<\/p>\n<p><span style=\"width: 100%;\"><img loading=\"lazy\" alt=\"\" style=\"width: 100%;\" src=\"\/\/newvet.es\/wp-content\/uploads\/2018\/07\/Marcelo-Cabrera-New-Vet-Clinica-Veterinaria-Dosrius.jpg\" width=\"352\" height=\"351\" data-attachment-id=\"290\" title=\"Marcelo-Cabrera-New-Vet-Clinica-Veterinaria-Dosrius\" data-id=\"245\"><\/span><\/p>\n<p><span style=\"font-size: 24px;\">Marcelo Cabrera<\/span><\/p>\n<p>Soc d\u2019Argentina i em vaig llicenciar a la Universitat de C\u00f3rdoba, Argentina 1999.<\/p>\n<p>Vaig passar els meus primers anys treballant a diferents llocs d\u2019Am\u00e8rica Llatina per despr\u00e9s traslladar-me al Regne Unit. All\u00e0 vaig treballar durant dos anys incorporant noves experi\u00e8ncies a les meves habilitats, sempre gaudint d\u2019estar en contacte amb els animals.<\/p>\n<p>L\u2019any 2007 vaig decidir mudar-me a Barcelona i vaig exercir com a veterinari responsable a la Protectora d\u2019animals de Matar\u00f3 entre 2007 i 2014.<\/p>\n<p>L\u2019any 2008 vaig completar un M\u00e0ster en Etologia a la Universitat Aut\u00f2noma de Barcelona.<\/p>\n<p>La meva amplia experi\u00e8ncia professional i quir\u00fargica tenen una especial dedicaci\u00f3 en la traumatologia i l\u2019ortop\u00e8dia, ja que son dos camps que m\u2019apassionen.<\/p>\n<p>Posseeix formaci\u00f3 d&#8217;auxiliar veterinari i t\u00e8cnic de laboratori, ha treballat en diferents hospitals veterinari i serveis d&#8217;urg\u00e8ncies del Maresme.T\u00e9 una \u00e0mplia experi\u00e8ncia en el maneig de pacients cr\u00edtics i cures intensives.S&#8217;ha incorporat progressivament a la cl\u00ednica des del 2014 i actualment s&#8217;exerceix de manera exclusiva.Els seus Hobbies s\u00f3n el senderisme i l&#8217;escalada.<\/p>\n<p>&nbsp;<\/p>\n<p><span style=\"width: 100%;\"><img loading=\"lazy\" alt=\"\" style=\"width: 100%;\" src=\"https:\/\/newvet.es\/wp-content\/uploads\/2019\/05\/gloria-mora.jpg\" width=\"520\" height=\"520\" data-attachment-id=\"90\" title=\"gloria-mora\" data-id=\"363\"><\/span><\/p>\n<p><span style=\"font-size: 24px;\">Gloria Mora<\/span><\/p>\n<p><span style=\"width: 100%;\"><img loading=\"lazy\" alt=\"\" style=\"width: 100%;\" src=\"\/\/newvet.es\/wp-content\/uploads\/2017\/08\/persona-desconocida.jpg\" width=\"352\" height=\"352\" data-attachment-id=\"90\"><\/span><\/p>\n<p><span style=\"font-size: 24px;\">Geraldine Devere<\/span><\/p>\n<p style=\"text-align: center;\">PROXIMAMENT<\/p>\n<p>\u00c9s una de les s\u00f2cies fundadores de la cl\u00ednica.Buscant com a objectiu crear un centre a Dosrius on trob\u00e9ssim cobertes totes les necessitats que un animal pot necessitar per a la correcta atenci\u00f3.\u00c9s responsable de la gesti\u00f3 de la Protectora d&#8217;Animals de Dosrius.Activista i defensora dels drets dels animals.<\/p>\n<p>&nbsp;<\/p>\n<p><span style=\"width: 100%;\"><img loading=\"lazy\" alt=\"\" style=\"width: 100%;\" src=\"https:\/\/newvet.es\/wp-content\/uploads\/2017\/08\/persona-desconocida.jpg\" width=\"400\" height=\"400\" data-attachment-id=\"90\" title=\"persona desconocida\" data-id=\"90\"><\/span><\/p>\n<p><span style=\"font-size: 24px;\">Amalia Gutierrez<\/span><\/p>\n<p><span style=\"width: 100%;\"><img loading=\"lazy\" alt=\"\" style=\"width: 100%;\" src=\"\/\/newvet.es\/wp-content\/uploads\/2017\/08\/persona-desconocida.jpg\" width=\"352\" height=\"352\" data-attachment-id=\"90\"><\/span><\/p>\n<p><span style=\"font-size: 24px;\">Carolina Toda<\/span><\/p>\n<p>S\u00f2cia fundadora, responsable de la gesti\u00f3 econ\u00f2mica de lacl\u00ednica, s&#8217;exerceix en la recepci\u00f3 i atenci\u00f3 al p\u00fablic.<\/p>\n<p>Origin\u00e0ria de la ciutat de Barcelona, estudia la carrera de Veterin\u00e0ria a la Universitat Autonama de Barcelona acabant els seus estudis en l&#8217;any 2002.<\/p>\n<p>&nbsp;T\u00e9 una afinitat cap als cavalls per la qual cosa es va dedicar a ells fins a l&#8217;any 2014, quan va comen\u00e7ar a dedicar m\u00e9s temps a la clinca de Petits Animals.<\/p>\n<p>&nbsp;Esta acabant de realitzar els ex\u00e0mens del Postgrau de medicina interna i cirurgia de petits animals de la UAB. S&#8217;incorpora a New Vet en l&#8217;any 2018 realitzant urg\u00e8ncies, visites i cirurgies rutin\u00e0ries.<\/p>\n<p>&nbsp;<\/p>\n<p><span style=\"width: 100%;\"><img loading=\"lazy\" alt=\"\" style=\"width: 100%;\" src=\"https:\/\/newvet.es\/wp-content\/uploads\/2019\/05\/Laura-Mata-512x512.jpg\" width=\"512\" height=\"512\" data-attachment-id=\"90\" title=\"Laura-Mata-512x512\" data-id=\"410\"><\/span><\/p>\n<p><span style=\"font-size: 24px;\">Laura Mata<\/span><\/p>\n","protected":false},"excerpt":{"rendered":"<p>Coneix al nostre equip El nostre major objectiu \u00e9s preservar i millorar la qualitat de vida de la teva mascota mentre sentiu un tracte proper i de confian\u00e7a. Entenem les necessitats de la teva mascota i creiem que una bona relaci\u00f3 entre el client i el nostre equip \u00e9s vital per l\u2019\u00e8xit de qualsevol dels [&hellip;]<\/p>\n","protected":false},"author":1,"featured_media":0,"parent":0,"menu_order":0,"comment_status":"closed","ping_status":"closed","template":"","meta":[],"yoast_head":"<!-- This site is optimized with the Yoast SEO plugin v17.5 - https:\/\/yoast.com\/wordpress\/plugins\/seo\/ -->\n<title>Coneix-nos - New Vet<\/title>\n<meta name=\"robots\" content=\"index, follow, max-snippet:-1, max-image-preview:large, max-video-preview:-1\" \/>\n<link rel=\"canonical\" href=\"https:\/\/newvet.es\/ca\/coneix-nos\/\" \/>\n<meta property=\"og:locale\" content=\"ca_ES\" \/>\n<meta property=\"og:type\" content=\"article\" \/>\n<meta property=\"og:title\" content=\"Coneix-nos - New Vet\" \/>\n<meta property=\"og:description\" content=\"Coneix al nostre equip El nostre major objectiu \u00e9s preservar i millorar la qualitat de vida de la teva mascota mentre sentiu un tracte proper i de confian\u00e7a. Entenem les necessitats de la teva mascota i creiem que una bona relaci\u00f3 entre el client i el nostre equip \u00e9s vital per l\u2019\u00e8xit de qualsevol dels [&hellip;]\" \/>\n<meta property=\"og:url\" content=\"https:\/\/newvet.es\/ca\/coneix-nos\/\" \/>\n<meta property=\"og:site_name\" content=\"New Vet\" \/>\n<meta property=\"article:modified_time\" content=\"2019-05-16T05:04:35+00:00\" \/>\n<meta property=\"og:image\" content=\"\/\/newvet.es\/wp-content\/uploads\/2018\/07\/Marcelo-Cabrera-New-Vet-Clinica-Veterinaria-Dosrius.jpg\" \/>\n<meta name=\"twitter:card\" content=\"summary\" \/>\n<meta name=\"twitter:label1\" content=\"Temps estimat de lectura\" \/>\n\t<meta name=\"twitter:data1\" content=\"2 minuts\" \/>\n<script type=\"application\/ld+json\" class=\"yoast-schema-graph\">{\"@context\":\"https:\/\/schema.org\",\"@graph\":[{\"@type\":\"WebSite\",\"@id\":\"https:\/\/newvet.es\/#website\",\"url\":\"https:\/\/newvet.es\/\",\"name\":\"New Vet\",\"description\":\"Clinica veterinaria Dosrius\",\"potentialAction\":[{\"@type\":\"SearchAction\",\"target\":{\"@type\":\"EntryPoint\",\"urlTemplate\":\"https:\/\/newvet.es\/?s={search_term_string}\"},\"query-input\":\"required name=search_term_string\"}],\"inLanguage\":\"ca\"},{\"@type\":\"ImageObject\",\"@id\":\"https:\/\/newvet.es\/ca\/coneix-nos\/#primaryimage\",\"inLanguage\":\"ca\",\"url\":\"\/\/newvet.es\/wp-content\/uploads\/2018\/07\/Marcelo-Cabrera-New-Vet-Clinica-Veterinaria-Dosrius.jpg\",\"contentUrl\":\"\/\/newvet.es\/wp-content\/uploads\/2018\/07\/Marcelo-Cabrera-New-Vet-Clinica-Veterinaria-Dosrius.jpg\"},{\"@type\":\"WebPage\",\"@id\":\"https:\/\/newvet.es\/ca\/coneix-nos\/#webpage\",\"url\":\"https:\/\/newvet.es\/ca\/coneix-nos\/\",\"name\":\"Coneix-nos - New Vet\",\"isPartOf\":{\"@id\":\"https:\/\/newvet.es\/#website\"},\"primaryImageOfPage\":{\"@id\":\"https:\/\/newvet.es\/ca\/coneix-nos\/#primaryimage\"},\"datePublished\":\"2018-07-16T08:36:52+00:00\",\"dateModified\":\"2019-05-16T05:04:35+00:00\",\"breadcrumb\":{\"@id\":\"https:\/\/newvet.es\/ca\/coneix-nos\/#breadcrumb\"},\"inLanguage\":\"ca\",\"potentialAction\":[{\"@type\":\"ReadAction\",\"target\":[\"https:\/\/newvet.es\/ca\/coneix-nos\/\"]}]},{\"@type\":\"BreadcrumbList\",\"@id\":\"https:\/\/newvet.es\/ca\/coneix-nos\/#breadcrumb\",\"itemListElement\":[{\"@type\":\"ListItem\",\"position\":1,\"name\":\"Portada\",\"item\":\"https:\/\/newvet.es\/ca\/\"},{\"@type\":\"ListItem\",\"position\":2,\"name\":\"Coneix-nos\"}]}]}<\/script>\n<!-- \/ Yoast SEO plugin. -->","yoast_head_json":{"title":"Coneix-nos - New Vet","robots":{"index":"index","follow":"follow","max-snippet":"max-snippet:-1","max-image-preview":"max-image-preview:large","max-video-preview":"max-video-preview:-1"},"canonical":"https:\/\/newvet.es\/ca\/coneix-nos\/","og_locale":"ca_ES","og_type":"article","og_title":"Coneix-nos - New Vet","og_description":"Coneix al nostre equip El nostre major objectiu \u00e9s preservar i millorar la qualitat de vida de la teva mascota mentre sentiu un tracte proper i de confian\u00e7a. Entenem les necessitats de la teva mascota i creiem que una bona relaci\u00f3 entre el client i el nostre equip \u00e9s vital per l\u2019\u00e8xit de qualsevol dels [&hellip;]","og_url":"https:\/\/newvet.es\/ca\/coneix-nos\/","og_site_name":"New Vet","article_modified_time":"2019-05-16T05:04:35+00:00","og_image":[{"url":"\/\/newvet.es\/wp-content\/uploads\/2018\/07\/Marcelo-Cabrera-New-Vet-Clinica-Veterinaria-Dosrius.jpg"}],"twitter_card":"summary","twitter_misc":{"Temps estimat de lectura":"2 minuts"},"schema":{"@context":"https:\/\/schema.org","@graph":[{"@type":"WebSite","@id":"https:\/\/newvet.es\/#website","url":"https:\/\/newvet.es\/","name":"New Vet","description":"Clinica veterinaria Dosrius","potentialAction":[{"@type":"SearchAction","target":{"@type":"EntryPoint","urlTemplate":"https:\/\/newvet.es\/?s={search_term_string}"},"query-input":"required name=search_term_string"}],"inLanguage":"ca"},{"@type":"ImageObject","@id":"https:\/\/newvet.es\/ca\/coneix-nos\/#primaryimage","inLanguage":"ca","url":"\/\/newvet.es\/wp-content\/uploads\/2018\/07\/Marcelo-Cabrera-New-Vet-Clinica-Veterinaria-Dosrius.jpg","contentUrl":"\/\/newvet.es\/wp-content\/uploads\/2018\/07\/Marcelo-Cabrera-New-Vet-Clinica-Veterinaria-Dosrius.jpg"},{"@type":"WebPage","@id":"https:\/\/newvet.es\/ca\/coneix-nos\/#webpage","url":"https:\/\/newvet.es\/ca\/coneix-nos\/","name":"Coneix-nos - New Vet","isPartOf":{"@id":"https:\/\/newvet.es\/#website"},"primaryImageOfPage":{"@id":"https:\/\/newvet.es\/ca\/coneix-nos\/#primaryimage"},"datePublished":"2018-07-16T08:36:52+00:00","dateModified":"2019-05-16T05:04:35+00:00","breadcrumb":{"@id":"https:\/\/newvet.es\/ca\/coneix-nos\/#breadcrumb"},"inLanguage":"ca","potentialAction":[{"@type":"ReadAction","target":["https:\/\/newvet.es\/ca\/coneix-nos\/"]}]},{"@type":"BreadcrumbList","@id":"https:\/\/newvet.es\/ca\/coneix-nos\/#breadcrumb","itemListElement":[{"@type":"ListItem","position":1,"name":"Portada","item":"https:\/\/newvet.es\/ca\/"},{"@type":"ListItem","position":2,"name":"Coneix-nos"}]}]}},"_links":{"self":[{"href":"https:\/\/newvet.es\/ca\/wp-json\/wp\/v2\/pages\/252"}],"collection":[{"href":"https:\/\/newvet.es\/ca\/wp-json\/wp\/v2\/pages"}],"about":[{"href":"https:\/\/newvet.es\/ca\/wp-json\/wp\/v2\/types\/page"}],"author":[{"embeddable":true,"href":"https:\/\/newvet.es\/ca\/wp-json\/wp\/v2\/users\/1"}],"replies":[{"embeddable":true,"href":"https:\/\/newvet.es\/ca\/wp-json\/wp\/v2\/comments?post=252"}],"version-history":[{"count":1,"href":"https:\/\/newvet.es\/ca\/wp-json\/wp\/v2\/pages\/252\/revisions"}],"predecessor-version":[{"id":414,"href":"https:\/\/newvet.es\/ca\/wp-json\/wp\/v2\/pages\/252\/revisions\/414"}],"wp:attachment":[{"href":"https:\/\/newvet.es\/ca\/wp-json\/wp\/v2\/media?parent=252"}],"curies":[{"name":"wp","href":"https:\/\/api.w.org\/{rel}","templated":true}]}}