{"id":260,"date":"2018-07-16T08:39:52","date_gmt":"2018-07-16T08:39:52","guid":{"rendered":"https:\/\/newvet.es\/?page_id=260"},"modified":"2023-05-18T08:54:01","modified_gmt":"2023-05-18T08:54:01","slug":"inici","status":"publish","type":"page","link":"https:\/\/newvet.es\/ca\/","title":{"rendered":"Inici"},"content":{"rendered":"<h1 style=\"text-align: center;\"><strong>Clinica Veterinari a Dosrius<\/strong><\/h1>\n<p style=\"text-align: center;\">Perqu\u00e8 son un membre m\u00e9s de la fam\u00edlia, els cuidem i mimem com es mereixen<\/p>\n<p style=\"text-align: center;\"><span style=\"font-size: 24px;\"><strong>Serveis Veterinaris<\/strong><\/span><\/p>\n<p style=\"text-align: center;\">\n<p style=\"text-align: center;\"><span>No nom\u00e9s entenem de gossos i gats, sin\u00f3 que tamb\u00e9 estem especialitzats en animal ex\u00f2tics.<\/span><\/p>\n<p style=\"text-align: center;\">\n<p><span data-name=\"clock\"><\/span><\/p>\n<p style=\"text-align: center;\"><span style=\"font-size: 24px;\"><strong>El nostre horari<\/strong><\/span><\/p>\n<p style=\"text-align: center;\">\n<p style=\"text-align: center;\"><span style=\"font-size: 19px;\">Dilluns \u2013 Divendres&nbsp;<\/span><\/p>\n<p style=\"text-align: center;\"><span style=\"font-size: 19px;\">de 09:30 a 19:00&nbsp;<\/span><\/p>\n<p style=\"text-align: center;\"><span style=\"font-size: 19px;\">Dissabtes de 10:00 a 13:30 Diumenges: Tancat<\/span><\/p>\n<h2 style=\"text-align: left;\"><span>\u00bf<strong>Per qu\u00e8 confiar en nosaltres?<\/strong><\/span><\/h2>\n<p style=\"text-align: justify; margin-bottom: 30px !important;\"><strong>Una atenci\u00f3 d\u2019alta qualitat amb un toc personal<\/strong><\/p>\n<p style=\"text-align: justify; margin-bottom: 30px !important;\">A New Vet creiem que una bona atenci\u00f3 comen\u00e7a en comprendre la relaci\u00f3 que tens amb la teva mascota. Per a tu, probablement dir-li \u201cmascota\u201d no t\u00e9 cap sentit ja que el sents com a part de la teva fam\u00edlia.<\/p>\n<p style=\"text-align: justify; margin-bottom: 30px !important;\"><strong>Cuidem del teu millor amic.<\/strong><\/p>\n<p style=\"text-align: justify; margin-bottom: 30px !important;\"><span style=\"font-size: 17px;\">Sabem que el que est\u00e0s buscant en un veterinari es a alg\u00fa en qui confiar la salut de la teva mascota, tot sabent que la cuidarem amb la mateixa minuciositat i tendresa amb la que ho faries tu.<\/span><\/p>\n<p style=\"text-align: justify; margin-bottom: 30px !important;\"><span style=\"font-size: 17px;\">Per tot aix\u00f2, el nostre objectiu \u00e9s complir aquest comprom\u00eds i garantir la millor atenci\u00f3 per a la teva mascota. Et prometem una atenci\u00f3 d\u2019alta qualitat amb un toc personal.<\/span><\/p>\n<p><span style=\"width: 100%;\"><img loading=\"lazy\" alt=\"\" width=\"352\" height=\"351\" title=\"Marcelo-Cabrera-New-Vet-Clinica-Veterinaria-Dosrius\" data-id=\"245\" src=\"\/\/newvet.es\/wp-content\/uploads\/2018\/07\/Marcelo-Cabrera-New-Vet-Clinica-Veterinaria-Dosrius.jpg\" style=\"\"><span><\/span><\/span><\/p>\n<h2 style=\"text-align: center;\"><strong>Qu\u00e8 diuen de nosaltres<\/strong><\/h2>\n<p><span style=\"width: 100%;\"><img loading=\"lazy\" alt=\"\" width=\"800\" height=\"800\" title=\"Google Reviews\" data-id=\"194\" src=\"\/\/newvet.es\/wp-content\/uploads\/2018\/06\/Google-Reviews.jpeg\" style=\"\"><\/span><span style=\"width: 100%;\"><img loading=\"lazy\" alt=\"\" width=\"753\" height=\"436\" title=\"Reviews-Google-New-Vet\" data-id=\"196\" src=\"\/\/newvet.es\/wp-content\/uploads\/2018\/06\/Reviews-Google-New-Vet.jpg\" style=\"\"><\/span><\/p>\n<p style=\"text-align: center;\">Per veure la resta d&#8217;opinions sobre nosaltres<a href=\"https:\/\/www.google.co.uk\/search?q=new+vet+group+dosrius&amp;oq=new+vet+group+dosrius&amp;aqs=chrome.0.69i59.8223j0j9&amp;sourceid=chrome&amp;ie=UTF-8#lrd=0x12a4ca683b3430bf:0x3528b5efa55e2f08,1,,,\" rel=\"nofollow noopener\" target=\"_blank\"><span style=\"font-size: 21px;\">clic aqu\u00ed<\/span><\/a><\/p>\n","protected":false},"excerpt":{"rendered":"<p>Clinica Veterinari a Dosrius Perqu\u00e8 son un membre m\u00e9s de la fam\u00edlia, els cuidem i mimem com es mereixen Serveis Veterinaris No nom\u00e9s entenem de gossos i gats, sin\u00f3 que tamb\u00e9 estem especialitzats en animal ex\u00f2tics. El nostre horari Dilluns \u2013 Divendres&nbsp; de 09:30 a 19:00&nbsp; Dissabtes de 10:00 a 13:30 Diumenges: Tancat \u00bfPer qu\u00e8 [&hellip;]<\/p>\n","protected":false},"author":1,"featured_media":0,"parent":0,"menu_order":0,"comment_status":"closed","ping_status":"closed","template":"","meta":[],"yoast_head":"<!-- This site is optimized with the Yoast SEO plugin v17.5 - https:\/\/yoast.com\/wordpress\/plugins\/seo\/ -->\n<title>Inici - New Vet<\/title>\n<meta name=\"robots\" content=\"index, follow, max-snippet:-1, max-image-preview:large, max-video-preview:-1\" \/>\n<link rel=\"canonical\" href=\"https:\/\/newvet.es\/ca\/\" \/>\n<meta property=\"og:locale\" content=\"ca_ES\" \/>\n<meta property=\"og:type\" content=\"article\" \/>\n<meta property=\"og:title\" content=\"Inici - New Vet\" \/>\n<meta property=\"og:description\" content=\"Clinica Veterinari a Dosrius Perqu\u00e8 son un membre m\u00e9s de la fam\u00edlia, els cuidem i mimem com es mereixen Serveis Veterinaris No nom\u00e9s entenem de gossos i gats, sin\u00f3 que tamb\u00e9 estem especialitzats en animal ex\u00f2tics. El nostre horari Dilluns \u2013 Divendres&nbsp; de 09:30 a 19:00&nbsp; Dissabtes de 10:00 a 13:30 Diumenges: Tancat \u00bfPer qu\u00e8 [&hellip;]\" \/>\n<meta property=\"og:url\" content=\"https:\/\/newvet.es\/ca\/\" \/>\n<meta property=\"og:site_name\" content=\"New Vet\" \/>\n<meta property=\"article:modified_time\" content=\"2023-05-18T08:54:01+00:00\" \/>\n<meta property=\"og:image\" content=\"\/\/newvet.es\/wp-content\/uploads\/2018\/07\/Marcelo-Cabrera-New-Vet-Clinica-Veterinaria-Dosrius.jpg\" \/>\n<meta name=\"twitter:card\" content=\"summary\" \/>\n<meta name=\"twitter:label1\" content=\"Temps estimat de lectura\" \/>\n\t<meta name=\"twitter:data1\" content=\"1 minut\" \/>\n<script type=\"application\/ld+json\" class=\"yoast-schema-graph\">{\"@context\":\"https:\/\/schema.org\",\"@graph\":[{\"@type\":\"WebSite\",\"@id\":\"https:\/\/newvet.es\/#website\",\"url\":\"https:\/\/newvet.es\/\",\"name\":\"New Vet\",\"description\":\"Clinica veterinaria Dosrius\",\"potentialAction\":[{\"@type\":\"SearchAction\",\"target\":{\"@type\":\"EntryPoint\",\"urlTemplate\":\"https:\/\/newvet.es\/?s={search_term_string}\"},\"query-input\":\"required name=search_term_string\"}],\"inLanguage\":\"ca\"},{\"@type\":\"ImageObject\",\"@id\":\"https:\/\/newvet.es\/ca\/#primaryimage\",\"inLanguage\":\"ca\",\"url\":\"\/\/newvet.es\/wp-content\/uploads\/2018\/07\/Marcelo-Cabrera-New-Vet-Clinica-Veterinaria-Dosrius.jpg\",\"contentUrl\":\"\/\/newvet.es\/wp-content\/uploads\/2018\/07\/Marcelo-Cabrera-New-Vet-Clinica-Veterinaria-Dosrius.jpg\"},{\"@type\":\"WebPage\",\"@id\":\"https:\/\/newvet.es\/ca\/#webpage\",\"url\":\"https:\/\/newvet.es\/ca\/\",\"name\":\"Inici - New Vet\",\"isPartOf\":{\"@id\":\"https:\/\/newvet.es\/#website\"},\"primaryImageOfPage\":{\"@id\":\"https:\/\/newvet.es\/ca\/#primaryimage\"},\"datePublished\":\"2018-07-16T08:39:52+00:00\",\"dateModified\":\"2023-05-18T08:54:01+00:00\",\"breadcrumb\":{\"@id\":\"https:\/\/newvet.es\/ca\/#breadcrumb\"},\"inLanguage\":\"ca\",\"potentialAction\":[{\"@type\":\"ReadAction\",\"target\":[\"https:\/\/newvet.es\/ca\/\"]}]},{\"@type\":\"BreadcrumbList\",\"@id\":\"https:\/\/newvet.es\/ca\/#breadcrumb\",\"itemListElement\":[{\"@type\":\"ListItem\",\"position\":1,\"name\":\"Portada\",\"item\":\"https:\/\/newvet.es\/ca\/\"},{\"@type\":\"ListItem\",\"position\":2,\"name\":\"Inici\"}]}]}<\/script>\n<!-- \/ Yoast SEO plugin. -->","yoast_head_json":{"title":"Inici - New Vet","robots":{"index":"index","follow":"follow","max-snippet":"max-snippet:-1","max-image-preview":"max-image-preview:large","max-video-preview":"max-video-preview:-1"},"canonical":"https:\/\/newvet.es\/ca\/","og_locale":"ca_ES","og_type":"article","og_title":"Inici - New Vet","og_description":"Clinica Veterinari a Dosrius Perqu\u00e8 son un membre m\u00e9s de la fam\u00edlia, els cuidem i mimem com es mereixen Serveis Veterinaris No nom\u00e9s entenem de gossos i gats, sin\u00f3 que tamb\u00e9 estem especialitzats en animal ex\u00f2tics. El nostre horari Dilluns \u2013 Divendres&nbsp; de 09:30 a 19:00&nbsp; Dissabtes de 10:00 a 13:30 Diumenges: Tancat \u00bfPer qu\u00e8 [&hellip;]","og_url":"https:\/\/newvet.es\/ca\/","og_site_name":"New Vet","article_modified_time":"2023-05-18T08:54:01+00:00","og_image":[{"url":"\/\/newvet.es\/wp-content\/uploads\/2018\/07\/Marcelo-Cabrera-New-Vet-Clinica-Veterinaria-Dosrius.jpg"}],"twitter_card":"summary","twitter_misc":{"Temps estimat de lectura":"1 minut"},"schema":{"@context":"https:\/\/schema.org","@graph":[{"@type":"WebSite","@id":"https:\/\/newvet.es\/#website","url":"https:\/\/newvet.es\/","name":"New Vet","description":"Clinica veterinaria Dosrius","potentialAction":[{"@type":"SearchAction","target":{"@type":"EntryPoint","urlTemplate":"https:\/\/newvet.es\/?s={search_term_string}"},"query-input":"required name=search_term_string"}],"inLanguage":"ca"},{"@type":"ImageObject","@id":"https:\/\/newvet.es\/ca\/#primaryimage","inLanguage":"ca","url":"\/\/newvet.es\/wp-content\/uploads\/2018\/07\/Marcelo-Cabrera-New-Vet-Clinica-Veterinaria-Dosrius.jpg","contentUrl":"\/\/newvet.es\/wp-content\/uploads\/2018\/07\/Marcelo-Cabrera-New-Vet-Clinica-Veterinaria-Dosrius.jpg"},{"@type":"WebPage","@id":"https:\/\/newvet.es\/ca\/#webpage","url":"https:\/\/newvet.es\/ca\/","name":"Inici - New Vet","isPartOf":{"@id":"https:\/\/newvet.es\/#website"},"primaryImageOfPage":{"@id":"https:\/\/newvet.es\/ca\/#primaryimage"},"datePublished":"2018-07-16T08:39:52+00:00","dateModified":"2023-05-18T08:54:01+00:00","breadcrumb":{"@id":"https:\/\/newvet.es\/ca\/#breadcrumb"},"inLanguage":"ca","potentialAction":[{"@type":"ReadAction","target":["https:\/\/newvet.es\/ca\/"]}]},{"@type":"BreadcrumbList","@id":"https:\/\/newvet.es\/ca\/#breadcrumb","itemListElement":[{"@type":"ListItem","position":1,"name":"Portada","item":"https:\/\/newvet.es\/ca\/"},{"@type":"ListItem","position":2,"name":"Inici"}]}]}},"_links":{"self":[{"href":"https:\/\/newvet.es\/ca\/wp-json\/wp\/v2\/pages\/260"}],"collection":[{"href":"https:\/\/newvet.es\/ca\/wp-json\/wp\/v2\/pages"}],"about":[{"href":"https:\/\/newvet.es\/ca\/wp-json\/wp\/v2\/types\/page"}],"author":[{"embeddable":true,"href":"https:\/\/newvet.es\/ca\/wp-json\/wp\/v2\/users\/1"}],"replies":[{"embeddable":true,"href":"https:\/\/newvet.es\/ca\/wp-json\/wp\/v2\/comments?post=260"}],"version-history":[{"count":2,"href":"https:\/\/newvet.es\/ca\/wp-json\/wp\/v2\/pages\/260\/revisions"}],"predecessor-version":[{"id":454,"href":"https:\/\/newvet.es\/ca\/wp-json\/wp\/v2\/pages\/260\/revisions\/454"}],"wp:attachment":[{"href":"https:\/\/newvet.es\/ca\/wp-json\/wp\/v2\/media?parent=260"}],"curies":[{"name":"wp","href":"https:\/\/api.w.org\/{rel}","templated":true}]}}