{"id":264,"date":"2018-07-16T08:41:07","date_gmt":"2018-07-16T08:41:07","guid":{"rendered":"https:\/\/newvet.es\/?page_id=264"},"modified":"2018-08-26T11:13:30","modified_gmt":"2018-08-26T11:13:30","slug":"instal%c2%b7lacions","status":"publish","type":"page","link":"https:\/\/newvet.es\/ca\/instal%c2%b7lacions\/","title":{"rendered":"Instal\u00b7lacions"},"content":{"rendered":"<h1 class=\"tve_p_center rft\" data-css=\"tve-u-16575df54a9\" style=\"color: rgb(244, 244, 244); margin-bottom: 10px !important; font-size: 46px;\"><span class=\"tve_custom_font_size  rft\" data-css=\"tve-u-16575df54a8\" style=\"font-size: 46px;\">Les nostres instal\u00b7lacions<\/span><\/h1>\n<p><span class=\"tve_image_frame\" style=\"width: 100%;\"><img loading=\"lazy\" class=\"tve_image wp-image-237\" alt=\"\" style=\"width: 100%;\" src=\"\/\/newvet.es\/wp-content\/uploads\/2018\/07\/Bienvenido-NewVet.jpg\" width=\"512\" height=\"341\" data-attachment-id=\"228\" title=\"Bienvenido-NewVet\" data-id=\"237\" srcset=\"https:\/\/newvet.es\/wp-content\/uploads\/2018\/07\/Bienvenido-NewVet.jpg 512w, https:\/\/newvet.es\/wp-content\/uploads\/2018\/07\/Bienvenido-NewVet-150x100.jpg 150w, https:\/\/newvet.es\/wp-content\/uploads\/2018\/07\/Bienvenido-NewVet-300x200.jpg 300w, https:\/\/newvet.es\/wp-content\/uploads\/2018\/07\/Bienvenido-NewVet-50x33.jpg 50w, https:\/\/newvet.es\/wp-content\/uploads\/2018\/07\/Bienvenido-NewVet-250x167.jpg 250w, https:\/\/newvet.es\/wp-content\/uploads\/2018\/07\/Bienvenido-NewVet-225x150.jpg 225w\" sizes=\"(max-width: 512px) 100vw, 512px\" \/><\/span><\/p>\n<h2 class=\"tve_p_left rft\" data-css=\"tve-u-16575df54aa\" style=\"font-size: 41px;\">Benvinguts<\/h2>\n<p>Totes ideades tenint en compte factors tan importants com donar una atenci\u00f3 especialitzada i garantir el benestar de la teva mascota.<\/p>\n<p>Les nostres modernes instal\u00b7lacions transmeten tranquil\u00b7litat i seguretat a part de comptar amb instrumental avantguardista.<\/p>\n<p>Disposem de tot el necessari per a que no tinguis que buscar ajuda a algun altre lloc.<\/p>\n<h2 class=\"tve_p_left rft\" style=\"font-size: 41px;\">La nostra consulta<\/h2>\n<p>Amb l\u2019objectiu de poder donar una atenci\u00f3 espec\u00edfica i minuciosa, les nostres consultes son modernes i estan perfectament equipades.<\/p>\n<p>Perqu\u00e8 sabem que el teu desig \u00e9s que solucionem qualsevol problema que la teva mascota pugui tenir de manera r\u00e0pida i indolora.<\/p>\n<p>Les nostres consultes son polivalents i contenen tot el material necessari pel diagn\u00f2stic i tractament del teu company o la teva companya.<\/p>\n<p><span class=\"tve_image_frame\" style=\"width: 100%;\"><img loading=\"lazy\" class=\"tve_image wp-image-239\" alt=\"\" style=\"width: 100%;\" src=\"\/\/newvet.es\/wp-content\/uploads\/2018\/07\/Consulta-New-Vet-Dosrius.jpg\" width=\"512\" height=\"341\" data-attachment-id=\"231\" title=\"Consulta-New-Vet-Dosrius\" data-id=\"239\" srcset=\"https:\/\/newvet.es\/wp-content\/uploads\/2018\/07\/Consulta-New-Vet-Dosrius.jpg 512w, https:\/\/newvet.es\/wp-content\/uploads\/2018\/07\/Consulta-New-Vet-Dosrius-150x100.jpg 150w, https:\/\/newvet.es\/wp-content\/uploads\/2018\/07\/Consulta-New-Vet-Dosrius-300x200.jpg 300w, https:\/\/newvet.es\/wp-content\/uploads\/2018\/07\/Consulta-New-Vet-Dosrius-50x33.jpg 50w, https:\/\/newvet.es\/wp-content\/uploads\/2018\/07\/Consulta-New-Vet-Dosrius-250x167.jpg 250w, https:\/\/newvet.es\/wp-content\/uploads\/2018\/07\/Consulta-New-Vet-Dosrius-225x150.jpg 225w\" sizes=\"(max-width: 512px) 100vw, 512px\" \/><\/span><span class=\"tve_image_frame\" style=\"width: 100%;\"><img loading=\"lazy\" class=\"tve_image wp-image-240\" alt=\"\" style=\"width: 100%;\" src=\"\/\/newvet.es\/wp-content\/uploads\/2018\/07\/Diagnostico-por-Imagen-New-Vet-Clinica-Veterinaria.jpg\" width=\"512\" height=\"341\" data-attachment-id=\"229\" title=\"Diagnostico-por-Imagen-New-Vet-Clinica-Veterinaria\" data-id=\"240\" srcset=\"https:\/\/newvet.es\/wp-content\/uploads\/2018\/07\/Diagnostico-por-Imagen-New-Vet-Clinica-Veterinaria.jpg 512w, https:\/\/newvet.es\/wp-content\/uploads\/2018\/07\/Diagnostico-por-Imagen-New-Vet-Clinica-Veterinaria-150x100.jpg 150w, https:\/\/newvet.es\/wp-content\/uploads\/2018\/07\/Diagnostico-por-Imagen-New-Vet-Clinica-Veterinaria-300x200.jpg 300w, https:\/\/newvet.es\/wp-content\/uploads\/2018\/07\/Diagnostico-por-Imagen-New-Vet-Clinica-Veterinaria-50x33.jpg 50w, https:\/\/newvet.es\/wp-content\/uploads\/2018\/07\/Diagnostico-por-Imagen-New-Vet-Clinica-Veterinaria-250x167.jpg 250w, https:\/\/newvet.es\/wp-content\/uploads\/2018\/07\/Diagnostico-por-Imagen-New-Vet-Clinica-Veterinaria-225x150.jpg 225w\" sizes=\"(max-width: 512px) 100vw, 512px\" \/><\/span><\/p>\n<h2 class=\"rft\" style=\"font-size: 41px;\" data-css=\"tve-u-16575e118f6\">Diagn\u00f2stic per imatge<\/h2>\n<p>Amb la finalitat de proporcionar un servei prec\u00eds i complet disposem d\u2019equips de diagn\u00f2stic per imatge d\u2019alta gama.<\/p>\n<p>D\u2019aquesta manera, la teva mascota no haur\u00e0 d\u2018esser referida a altres centres per poder saber qu\u00e8 li passa.<\/p>\n<p>Sense perdre ni un minut, es podran prendre les decisions adequades i el nostre equip sabr\u00e0 perfectament com reaccionar.<\/p>\n<h2 class=\"rft\" data-css=\"tve-u-16575df54af\" style=\"font-size: 41px;\">\u00c0rea quir\u00fargica<\/h2>\n<p>Quan la cirurgia \u00e9s necess\u00e0ria, tots volem que les nostres mascotes pateixin el menys possible.<\/p>\n<p>Per aquesta ra\u00f3, la nostra \u00e0rea quir\u00fargica est\u00e0 equipada amb tecnologia puntera, proporcionant seguretat en les anestesies i precisi\u00f3 en els procediments necessaris per a que el teu millor amic o la teva millor amiga tingui una f\u00e0cil recuperaci\u00f3.<\/p>\n<p><span class=\"tve_image_frame\" style=\"width: 100%;\"><img loading=\"lazy\" class=\"tve_image wp-image-238\" alt=\"\" style=\"width: 100%;\" src=\"\/\/newvet.es\/wp-content\/uploads\/2018\/07\/Area-Quirurgica-New-Vet.jpg\" width=\"512\" height=\"341\" data-attachment-id=\"227\" title=\"Area-Quirurgica-New-Vet\" data-id=\"238\" srcset=\"https:\/\/newvet.es\/wp-content\/uploads\/2018\/07\/Area-Quirurgica-New-Vet.jpg 512w, https:\/\/newvet.es\/wp-content\/uploads\/2018\/07\/Area-Quirurgica-New-Vet-150x100.jpg 150w, https:\/\/newvet.es\/wp-content\/uploads\/2018\/07\/Area-Quirurgica-New-Vet-300x200.jpg 300w, https:\/\/newvet.es\/wp-content\/uploads\/2018\/07\/Area-Quirurgica-New-Vet-50x33.jpg 50w, https:\/\/newvet.es\/wp-content\/uploads\/2018\/07\/Area-Quirurgica-New-Vet-250x167.jpg 250w, https:\/\/newvet.es\/wp-content\/uploads\/2018\/07\/Area-Quirurgica-New-Vet-225x150.jpg 225w\" sizes=\"(max-width: 512px) 100vw, 512px\" \/><\/span><span class=\"tve_image_frame\" style=\"width: 100%;\"><img loading=\"lazy\" class=\"tve_image wp-image-241\" alt=\"\" style=\"width: 100%;\" src=\"\/\/newvet.es\/wp-content\/uploads\/2018\/07\/Laboratorio-New-Vet-Veterinarios-en-Dosrius.jpg\" width=\"512\" height=\"341\" data-attachment-id=\"230\" title=\"Laboratorio-New-Vet-Veterinarios-en-Dosrius\" data-id=\"241\" srcset=\"https:\/\/newvet.es\/wp-content\/uploads\/2018\/07\/Laboratorio-New-Vet-Veterinarios-en-Dosrius.jpg 512w, https:\/\/newvet.es\/wp-content\/uploads\/2018\/07\/Laboratorio-New-Vet-Veterinarios-en-Dosrius-150x100.jpg 150w, https:\/\/newvet.es\/wp-content\/uploads\/2018\/07\/Laboratorio-New-Vet-Veterinarios-en-Dosrius-300x200.jpg 300w, https:\/\/newvet.es\/wp-content\/uploads\/2018\/07\/Laboratorio-New-Vet-Veterinarios-en-Dosrius-50x33.jpg 50w, https:\/\/newvet.es\/wp-content\/uploads\/2018\/07\/Laboratorio-New-Vet-Veterinarios-en-Dosrius-250x167.jpg 250w, https:\/\/newvet.es\/wp-content\/uploads\/2018\/07\/Laboratorio-New-Vet-Veterinarios-en-Dosrius-225x150.jpg 225w\" sizes=\"(max-width: 512px) 100vw, 512px\" \/><\/span><\/p>\n<h2 class=\"rft\" style=\"font-size: 41px;\" data-css=\"tve-u-16575e0bd0a\">Laboratori<\/h2>\n<p>A New Vet ens prenem la investigaci\u00f3 d\u2019una manera molt seriosa i, a m\u00e9s, sabem que pot esser molt frustrant no saber qu\u00e8 li passa a la teva mascota.<\/p>\n<p>Per aix\u00f2 el laboratori del nostre centre compta amb un avan\u00e7at ventall de mitjans t\u00e8cnics.<\/p>\n<p>Aix\u00ed podem dur a terme una gran varietat d\u2019ex\u00e0mens que podrien esser necessaris per a que el tractament de la teva mascota sigui el m\u00e9s adequat.<\/p>\n<p data-css=\"tve-u-16575df54a4\" style=\"text-align: center;\">Ara que ja ens coneixem&nbsp;<\/p>\n","protected":false},"excerpt":{"rendered":"<p>Les nostres instal\u00b7lacions Benvinguts Totes ideades tenint en compte factors tan importants com donar una atenci\u00f3 especialitzada i garantir el benestar de la teva mascota. Les nostres modernes instal\u00b7lacions transmeten tranquil\u00b7litat i seguretat a part de comptar amb instrumental avantguardista. Disposem de tot el necessari per a que no tinguis que buscar ajuda a algun [&hellip;]<\/p>\n","protected":false},"author":1,"featured_media":0,"parent":0,"menu_order":0,"comment_status":"closed","ping_status":"closed","template":"","meta":[],"yoast_head":"<!-- This site is optimized with the Yoast SEO plugin v17.5 - https:\/\/yoast.com\/wordpress\/plugins\/seo\/ -->\n<title>Instal\u00b7lacions - New Vet<\/title>\n<meta name=\"robots\" content=\"index, follow, max-snippet:-1, max-image-preview:large, max-video-preview:-1\" \/>\n<link rel=\"canonical\" href=\"https:\/\/newvet.es\/ca\/instal\u00b7lacions\/\" \/>\n<meta property=\"og:locale\" content=\"ca_ES\" \/>\n<meta property=\"og:type\" content=\"article\" \/>\n<meta property=\"og:title\" content=\"Instal\u00b7lacions - New Vet\" \/>\n<meta property=\"og:description\" content=\"Les nostres instal\u00b7lacions Benvinguts Totes ideades tenint en compte factors tan importants com donar una atenci\u00f3 especialitzada i garantir el benestar de la teva mascota. Les nostres modernes instal\u00b7lacions transmeten tranquil\u00b7litat i seguretat a part de comptar amb instrumental avantguardista. Disposem de tot el necessari per a que no tinguis que buscar ajuda a algun [&hellip;]\" \/>\n<meta property=\"og:url\" content=\"https:\/\/newvet.es\/ca\/instal\u00b7lacions\/\" \/>\n<meta property=\"og:site_name\" content=\"New Vet\" \/>\n<meta property=\"article:modified_time\" content=\"2018-08-26T11:13:30+00:00\" \/>\n<meta property=\"og:image\" content=\"\/\/newvet.es\/wp-content\/uploads\/2018\/07\/Bienvenido-NewVet.jpg\" \/>\n<meta name=\"twitter:card\" content=\"summary\" \/>\n<meta name=\"twitter:label1\" content=\"Temps estimat de lectura\" \/>\n\t<meta name=\"twitter:data1\" content=\"2 minuts\" \/>\n<script type=\"application\/ld+json\" class=\"yoast-schema-graph\">{\"@context\":\"https:\/\/schema.org\",\"@graph\":[{\"@type\":\"WebSite\",\"@id\":\"https:\/\/newvet.es\/#website\",\"url\":\"https:\/\/newvet.es\/\",\"name\":\"New Vet\",\"description\":\"Clinica veterinaria Dosrius\",\"potentialAction\":[{\"@type\":\"SearchAction\",\"target\":{\"@type\":\"EntryPoint\",\"urlTemplate\":\"https:\/\/newvet.es\/?s={search_term_string}\"},\"query-input\":\"required name=search_term_string\"}],\"inLanguage\":\"ca\"},{\"@type\":\"ImageObject\",\"@id\":\"https:\/\/newvet.es\/ca\/instal%c2%b7lacions\/#primaryimage\",\"inLanguage\":\"ca\",\"url\":\"\/\/newvet.es\/wp-content\/uploads\/2018\/07\/Bienvenido-NewVet.jpg\",\"contentUrl\":\"\/\/newvet.es\/wp-content\/uploads\/2018\/07\/Bienvenido-NewVet.jpg\"},{\"@type\":\"WebPage\",\"@id\":\"https:\/\/newvet.es\/ca\/instal%c2%b7lacions\/#webpage\",\"url\":\"https:\/\/newvet.es\/ca\/instal%c2%b7lacions\/\",\"name\":\"Instal\\u00b7lacions - New Vet\",\"isPartOf\":{\"@id\":\"https:\/\/newvet.es\/#website\"},\"primaryImageOfPage\":{\"@id\":\"https:\/\/newvet.es\/ca\/instal%c2%b7lacions\/#primaryimage\"},\"datePublished\":\"2018-07-16T08:41:07+00:00\",\"dateModified\":\"2018-08-26T11:13:30+00:00\",\"breadcrumb\":{\"@id\":\"https:\/\/newvet.es\/ca\/instal%c2%b7lacions\/#breadcrumb\"},\"inLanguage\":\"ca\",\"potentialAction\":[{\"@type\":\"ReadAction\",\"target\":[\"https:\/\/newvet.es\/ca\/instal%c2%b7lacions\/\"]}]},{\"@type\":\"BreadcrumbList\",\"@id\":\"https:\/\/newvet.es\/ca\/instal%c2%b7lacions\/#breadcrumb\",\"itemListElement\":[{\"@type\":\"ListItem\",\"position\":1,\"name\":\"Portada\",\"item\":\"https:\/\/newvet.es\/ca\/\"},{\"@type\":\"ListItem\",\"position\":2,\"name\":\"Instal\\u00b7lacions\"}]}]}<\/script>\n<!-- \/ Yoast SEO plugin. -->","yoast_head_json":{"title":"Instal\u00b7lacions - New Vet","robots":{"index":"index","follow":"follow","max-snippet":"max-snippet:-1","max-image-preview":"max-image-preview:large","max-video-preview":"max-video-preview:-1"},"canonical":"https:\/\/newvet.es\/ca\/instal\u00b7lacions\/","og_locale":"ca_ES","og_type":"article","og_title":"Instal\u00b7lacions - New Vet","og_description":"Les nostres instal\u00b7lacions Benvinguts Totes ideades tenint en compte factors tan importants com donar una atenci\u00f3 especialitzada i garantir el benestar de la teva mascota. Les nostres modernes instal\u00b7lacions transmeten tranquil\u00b7litat i seguretat a part de comptar amb instrumental avantguardista. Disposem de tot el necessari per a que no tinguis que buscar ajuda a algun [&hellip;]","og_url":"https:\/\/newvet.es\/ca\/instal\u00b7lacions\/","og_site_name":"New Vet","article_modified_time":"2018-08-26T11:13:30+00:00","og_image":[{"url":"\/\/newvet.es\/wp-content\/uploads\/2018\/07\/Bienvenido-NewVet.jpg"}],"twitter_card":"summary","twitter_misc":{"Temps estimat de lectura":"2 minuts"},"schema":{"@context":"https:\/\/schema.org","@graph":[{"@type":"WebSite","@id":"https:\/\/newvet.es\/#website","url":"https:\/\/newvet.es\/","name":"New Vet","description":"Clinica veterinaria Dosrius","potentialAction":[{"@type":"SearchAction","target":{"@type":"EntryPoint","urlTemplate":"https:\/\/newvet.es\/?s={search_term_string}"},"query-input":"required name=search_term_string"}],"inLanguage":"ca"},{"@type":"ImageObject","@id":"https:\/\/newvet.es\/ca\/instal%c2%b7lacions\/#primaryimage","inLanguage":"ca","url":"\/\/newvet.es\/wp-content\/uploads\/2018\/07\/Bienvenido-NewVet.jpg","contentUrl":"\/\/newvet.es\/wp-content\/uploads\/2018\/07\/Bienvenido-NewVet.jpg"},{"@type":"WebPage","@id":"https:\/\/newvet.es\/ca\/instal%c2%b7lacions\/#webpage","url":"https:\/\/newvet.es\/ca\/instal%c2%b7lacions\/","name":"Instal\u00b7lacions - New Vet","isPartOf":{"@id":"https:\/\/newvet.es\/#website"},"primaryImageOfPage":{"@id":"https:\/\/newvet.es\/ca\/instal%c2%b7lacions\/#primaryimage"},"datePublished":"2018-07-16T08:41:07+00:00","dateModified":"2018-08-26T11:13:30+00:00","breadcrumb":{"@id":"https:\/\/newvet.es\/ca\/instal%c2%b7lacions\/#breadcrumb"},"inLanguage":"ca","potentialAction":[{"@type":"ReadAction","target":["https:\/\/newvet.es\/ca\/instal%c2%b7lacions\/"]}]},{"@type":"BreadcrumbList","@id":"https:\/\/newvet.es\/ca\/instal%c2%b7lacions\/#breadcrumb","itemListElement":[{"@type":"ListItem","position":1,"name":"Portada","item":"https:\/\/newvet.es\/ca\/"},{"@type":"ListItem","position":2,"name":"Instal\u00b7lacions"}]}]}},"_links":{"self":[{"href":"https:\/\/newvet.es\/ca\/wp-json\/wp\/v2\/pages\/264"}],"collection":[{"href":"https:\/\/newvet.es\/ca\/wp-json\/wp\/v2\/pages"}],"about":[{"href":"https:\/\/newvet.es\/ca\/wp-json\/wp\/v2\/types\/page"}],"author":[{"embeddable":true,"href":"https:\/\/newvet.es\/ca\/wp-json\/wp\/v2\/users\/1"}],"replies":[{"embeddable":true,"href":"https:\/\/newvet.es\/ca\/wp-json\/wp\/v2\/comments?post=264"}],"version-history":[{"count":1,"href":"https:\/\/newvet.es\/ca\/wp-json\/wp\/v2\/pages\/264\/revisions"}],"predecessor-version":[{"id":325,"href":"https:\/\/newvet.es\/ca\/wp-json\/wp\/v2\/pages\/264\/revisions\/325"}],"wp:attachment":[{"href":"https:\/\/newvet.es\/ca\/wp-json\/wp\/v2\/media?parent=264"}],"curies":[{"name":"wp","href":"https:\/\/api.w.org\/{rel}","templated":true}]}}