{"id":268,"date":"2018-07-16T08:42:47","date_gmt":"2018-07-16T08:42:47","guid":{"rendered":"https:\/\/newvet.es\/?page_id=268"},"modified":"2019-05-12T11:11:33","modified_gmt":"2019-05-12T11:11:33","slug":"politica-de-cookies","status":"publish","type":"page","link":"https:\/\/newvet.es\/ca\/politica-de-cookies\/","title":{"rendered":"Pol\u00edtica de Cookies"},"content":{"rendered":"<h1>Pol\u00edtica de cookies<\/h1>\n<p>Cookie \u00e9s un fitxer que es descarrega al seu ordinador en accedir a determinades p\u00e0gines web. Les cookies permeten a una p\u00e0gina web, entre altres coses, emmagatzemar i recuperar informaci\u00f3 sobre els h\u00e0bits de navegaci\u00f3 d&#8217;un usuari o del seu equip i, depenent de la informaci\u00f3 que continguin i de la forma en qu\u00e8 utilitzi el seu equip, es poden utilitzar per recon\u00e8ixer a l&#8217;usuari.El navegador de l&#8217;usuari memoritza cookies al disc dur nom\u00e9s durant la sessi\u00f3 actual ocupant un espai de mem\u00f2ria m\u00ednim i no perjudicant a l&#8217;ordinador. Les galetes no contenen cap mena d&#8217;informaci\u00f3 personal espec\u00edfica, i la majoria de les mateixes s&#8217;esborren del disc dur en finalitzar la sessi\u00f3 de navegador (les anomenades galetes de sessi\u00f3).La majoria dels navegadors accepten com a est\u00e0ndard a les galetes i, amb independ\u00e8ncia de les mateixes, permeten o impedeixen en la configuraci\u00f3 de seguretat les galetes temporals o memoritzades.Sense el seu expr\u00e9s consentiment -mitjan\u00e7ant l&#8217;activaci\u00f3 de les cookies al seu navegador- vetalliance.cat no enlla\u00e7ar\u00e0 a les galetes les dades memoritzades amb les seves dades personals proporcionades en el moment del registre o la compra ..Quins tipus de cookies utilitza aquesta p\u00e0gina web?Galetes t\u00e8cniques: S\u00f3n aquelles que permeten a l&#8217;usuari la navegaci\u00f3 a trav\u00e9s d&#8217;una p\u00e0gina web, plataforma o aplicaci\u00f3 i la utilitzaci\u00f3 de les diferents opcions o serveis que en ella hi hagi com, per exemple, controlar el tr\u00e0nsit i la comunicaci\u00f3 de dades, identificar la sessi\u00f3, accedir a parts d&#8217;acc\u00e9s restringit, recordar els elements que integren una comanda, realitzar el proc\u00e9s de compra d&#8217;una comanda, realitzar la sol\u00b7licitud d&#8217;inscripci\u00f3 o participaci\u00f3 en un esdeveniment, utilitzar elements de seguretat durant la navegaci\u00f3, emmagatzemar continguts per a la difusi\u00f3 de v\u00eddeos o so o compartir continguts a trav\u00e9s de xarxes socials.Galetes de personalitzaci\u00f3: S\u00f3n aquelles que permeten a l&#8217;usuari accedir al servei amb algunes caracter\u00edstiques de car\u00e0cter general predefinides en funci\u00f3 d&#8217;una s\u00e8rie de criteris en el terminal de l&#8217;usuari com ara serien l&#8217;idioma, el tipus de navegador mitjan\u00e7ant el qual accedeix al servei , la configuraci\u00f3 regional des d&#8217;on s&#8217;accedeix al servei, etc.Galetes d&#8217;an\u00e0lisi: S\u00f3n aquelles que ben tractades per nosaltres o per tercers, ens permeten quantificar el nombre d&#8217;usuaris i aix\u00ed realitzar el mesurament i an\u00e0lisi estad\u00edstica de la utilitzaci\u00f3 que fan els usuaris del servei ofert. Per aix\u00f2 s&#8217;analitza la seva navegaci\u00f3 a la nostra p\u00e0gina web per tal de millorar l&#8217;oferta de productes o serveis que li oferim.Galetes publicit\u00e0ries: S\u00f3n aquelles que, ben tractades per nosaltres o per tercers, ens permeten gestionar de la forma m\u00e9s efica\u00e7 possible l&#8217;oferta dels espais publicitaris que hi ha a la p\u00e0gina web, adequant el contingut de l&#8217;anunci al contingut del servei sol\u00b7licitat o l&#8217;\u00fas que realitzi de la nostra p\u00e0gina web. Per a aix\u00f2 podem analitzar els seus h\u00e0bits de navegaci\u00f3 a Internet i podem mostrar publicitat relacionada amb el seu perfil de navegaci\u00f3.<\/p>\n<p>Galetes de publicitat comportamental: S\u00f3n aquelles que permeten la gesti\u00f3, de la forma m\u00e9s efica\u00e7 possible, dels espais publicitaris que, si escau, l&#8217;editor hagi incl\u00f2s en una p\u00e0gina web, aplicaci\u00f3 o plataforma des de la qual presta el servei sol\u00b7licitat. Aquestes galetes emmagatzemen informaci\u00f3 del comportament dels usuaris obtinguda a trav\u00e9s de l&#8217;observaci\u00f3 continuada dels seus h\u00e0bits de navegaci\u00f3, el que permet desenvolupar un perfil espec\u00edfic per a mostrar publicitat en funci\u00f3 del mateix.Galetes de tercers: La Web de vetalliance.cat pot utilitzar serveis de tercers que, per compte de Google, recopilaran informaci\u00f3 amb fins estad\u00edstics, d&#8217;\u00fas del Site per part de l&#8217;usuari i per a la prestaci\u00f3 d&#8217;altres serveis relacionats amb l&#8217;activitat del lloc web i altres serveis d&#8217;Internet.<\/p>\n<p>En particular, aquest lloc web utilitza Google Analytics, un servei anal\u00edtic de web prestat per Google, Inc. amb domicili als Estats Units amb seu central a 1600 Amphitheatre Parkway, Mountain View, Calif\u00f2rnia 94043. Per a la prestaci\u00f3 d&#8217;aquests serveis, aquests utilitzen galetes que recopilen la informaci\u00f3, inclosa l&#8217;adre\u00e7a IP de l&#8217;usuari, que ser\u00e0 transmesa, tractada i emmagatzemada per Google en els termes fixats en la web Google.com. Incloent la possible transmissi\u00f3 d&#8217;aquesta informaci\u00f3 a tercers per raons d&#8217;exig\u00e8ncia legal o quan aquests tercers processin la informaci\u00f3 per compte de Google.<\/p>\n<p>L&#8217;Usuari accepta expressament, per la utilitzaci\u00f3 d&#8217;aquest Site, el tractament de la informaci\u00f3 recollida en la forma i amb les finalitats anteriorment esmentats. I aix\u00ed mateix reconeix con\u00e8ixer la possibilitat de rebutjar el tractament d&#8217;aquestes dades o informaci\u00f3 rebutjant l&#8217;\u00fas de galetes mitjan\u00e7ant la selecci\u00f3 de la configuraci\u00f3 apropiada a tal fi al seu navegador. Si b\u00e9 aquesta opci\u00f3 de bloqueig de galetes en el vostre navegador pot no permetre-li l&#8217;\u00fas ple de totes les funcionalitats de la p\u00e0gina web.Pot vost\u00e8 permetre, bloquejar o eliminar les cookies instal\u00b7lades en el seu equip mitjan\u00e7ant la configuraci\u00f3 de les opcions del navegador en el vostre ordinador:<a href=\"https:\/\/support.google.com\/chrome\/answer\/95647?hl=es\" target=\"_blank\" rel=\"nofollow noopener noreferrer\">Chrome<\/a><a href=\"https:\/\/support.microsoft.com\/en-us\/hub\/4338813\/windows-help\" target=\"_blank\" rel=\"nofollow noopener noreferrer\">Explorer<\/a><a href=\"https:\/\/support.mozilla.org\/es\/kb\/habilitar-y-deshabilitar-cookies-sitios-web-rastrear-preferencias?redirectlocale=es&amp;redirectslug=habilitar-y-deshabilitar-cookies-que-los-sitios-we\" target=\"_blank\" rel=\"nofollow noopener noreferrer\">Firefox<\/a><a href=\"https:\/\/support.apple.com\/es-es\/guide\/safari\/sfri11471\/mac\" target=\"_blank\" rel=\"nofollow noopener noreferrer\">safari<\/a>Si t\u00e9 dubtes sobre aquesta pol\u00edtica de cookies, pot contactar amb NewVet a info@newvet.es<\/p>\n","protected":false},"excerpt":{"rendered":"<p>Pol\u00edtica de cookies Cookie \u00e9s un fitxer que es descarrega al seu ordinador en accedir a determinades p\u00e0gines web. Les cookies permeten a una p\u00e0gina web, entre altres coses, emmagatzemar i recuperar informaci\u00f3 sobre els h\u00e0bits de navegaci\u00f3 d&#8217;un usuari o del seu equip i, depenent de la informaci\u00f3 que continguin i de la forma [&hellip;]<\/p>\n","protected":false},"author":1,"featured_media":0,"parent":0,"menu_order":0,"comment_status":"closed","ping_status":"closed","template":"","meta":[],"yoast_head":"<!-- This site is optimized with the Yoast SEO plugin v17.5 - https:\/\/yoast.com\/wordpress\/plugins\/seo\/ -->\n<title>Pol\u00edtica de Cookies - New Vet<\/title>\n<meta name=\"robots\" content=\"noindex, follow\" \/>\n<meta property=\"og:locale\" content=\"ca_ES\" \/>\n<meta property=\"og:type\" content=\"article\" \/>\n<meta property=\"og:title\" content=\"Pol\u00edtica de Cookies - New Vet\" \/>\n<meta property=\"og:description\" content=\"Pol\u00edtica de cookies Cookie \u00e9s un fitxer que es descarrega al seu ordinador en accedir a determinades p\u00e0gines web. Les cookies permeten a una p\u00e0gina web, entre altres coses, emmagatzemar i recuperar informaci\u00f3 sobre els h\u00e0bits de navegaci\u00f3 d&#8217;un usuari o del seu equip i, depenent de la informaci\u00f3 que continguin i de la forma [&hellip;]\" \/>\n<meta property=\"og:url\" content=\"https:\/\/newvet.es\/ca\/politica-de-cookies\/\" \/>\n<meta property=\"og:site_name\" content=\"New Vet\" \/>\n<meta property=\"article:modified_time\" content=\"2019-05-12T11:11:33+00:00\" \/>\n<meta name=\"twitter:card\" content=\"summary\" \/>\n<meta name=\"twitter:label1\" content=\"Temps estimat de lectura\" \/>\n\t<meta name=\"twitter:data1\" content=\"4 minuts\" \/>\n<script type=\"application\/ld+json\" class=\"yoast-schema-graph\">{\"@context\":\"https:\/\/schema.org\",\"@graph\":[{\"@type\":\"WebSite\",\"@id\":\"https:\/\/newvet.es\/#website\",\"url\":\"https:\/\/newvet.es\/\",\"name\":\"New Vet\",\"description\":\"Clinica veterinaria Dosrius\",\"potentialAction\":[{\"@type\":\"SearchAction\",\"target\":{\"@type\":\"EntryPoint\",\"urlTemplate\":\"https:\/\/newvet.es\/?s={search_term_string}\"},\"query-input\":\"required name=search_term_string\"}],\"inLanguage\":\"ca\"},{\"@type\":\"WebPage\",\"@id\":\"https:\/\/newvet.es\/ca\/politica-de-cookies\/#webpage\",\"url\":\"https:\/\/newvet.es\/ca\/politica-de-cookies\/\",\"name\":\"Pol\\u00edtica de Cookies - New Vet\",\"isPartOf\":{\"@id\":\"https:\/\/newvet.es\/#website\"},\"datePublished\":\"2018-07-16T08:42:47+00:00\",\"dateModified\":\"2019-05-12T11:11:33+00:00\",\"breadcrumb\":{\"@id\":\"https:\/\/newvet.es\/ca\/politica-de-cookies\/#breadcrumb\"},\"inLanguage\":\"ca\",\"potentialAction\":[{\"@type\":\"ReadAction\",\"target\":[\"https:\/\/newvet.es\/ca\/politica-de-cookies\/\"]}]},{\"@type\":\"BreadcrumbList\",\"@id\":\"https:\/\/newvet.es\/ca\/politica-de-cookies\/#breadcrumb\",\"itemListElement\":[{\"@type\":\"ListItem\",\"position\":1,\"name\":\"Portada\",\"item\":\"https:\/\/newvet.es\/ca\/\"},{\"@type\":\"ListItem\",\"position\":2,\"name\":\"Pol\\u00edtica de Cookies\"}]}]}<\/script>\n<!-- \/ Yoast SEO plugin. -->","yoast_head_json":{"title":"Pol\u00edtica de Cookies - New Vet","robots":{"index":"noindex","follow":"follow"},"og_locale":"ca_ES","og_type":"article","og_title":"Pol\u00edtica de Cookies - New Vet","og_description":"Pol\u00edtica de cookies Cookie \u00e9s un fitxer que es descarrega al seu ordinador en accedir a determinades p\u00e0gines web. Les cookies permeten a una p\u00e0gina web, entre altres coses, emmagatzemar i recuperar informaci\u00f3 sobre els h\u00e0bits de navegaci\u00f3 d&#8217;un usuari o del seu equip i, depenent de la informaci\u00f3 que continguin i de la forma [&hellip;]","og_url":"https:\/\/newvet.es\/ca\/politica-de-cookies\/","og_site_name":"New Vet","article_modified_time":"2019-05-12T11:11:33+00:00","twitter_card":"summary","twitter_misc":{"Temps estimat de lectura":"4 minuts"},"schema":{"@context":"https:\/\/schema.org","@graph":[{"@type":"WebSite","@id":"https:\/\/newvet.es\/#website","url":"https:\/\/newvet.es\/","name":"New Vet","description":"Clinica veterinaria Dosrius","potentialAction":[{"@type":"SearchAction","target":{"@type":"EntryPoint","urlTemplate":"https:\/\/newvet.es\/?s={search_term_string}"},"query-input":"required name=search_term_string"}],"inLanguage":"ca"},{"@type":"WebPage","@id":"https:\/\/newvet.es\/ca\/politica-de-cookies\/#webpage","url":"https:\/\/newvet.es\/ca\/politica-de-cookies\/","name":"Pol\u00edtica de Cookies - New Vet","isPartOf":{"@id":"https:\/\/newvet.es\/#website"},"datePublished":"2018-07-16T08:42:47+00:00","dateModified":"2019-05-12T11:11:33+00:00","breadcrumb":{"@id":"https:\/\/newvet.es\/ca\/politica-de-cookies\/#breadcrumb"},"inLanguage":"ca","potentialAction":[{"@type":"ReadAction","target":["https:\/\/newvet.es\/ca\/politica-de-cookies\/"]}]},{"@type":"BreadcrumbList","@id":"https:\/\/newvet.es\/ca\/politica-de-cookies\/#breadcrumb","itemListElement":[{"@type":"ListItem","position":1,"name":"Portada","item":"https:\/\/newvet.es\/ca\/"},{"@type":"ListItem","position":2,"name":"Pol\u00edtica de Cookies"}]}]}},"_links":{"self":[{"href":"https:\/\/newvet.es\/ca\/wp-json\/wp\/v2\/pages\/268"}],"collection":[{"href":"https:\/\/newvet.es\/ca\/wp-json\/wp\/v2\/pages"}],"about":[{"href":"https:\/\/newvet.es\/ca\/wp-json\/wp\/v2\/types\/page"}],"author":[{"embeddable":true,"href":"https:\/\/newvet.es\/ca\/wp-json\/wp\/v2\/users\/1"}],"replies":[{"embeddable":true,"href":"https:\/\/newvet.es\/ca\/wp-json\/wp\/v2\/comments?post=268"}],"version-history":[{"count":1,"href":"https:\/\/newvet.es\/ca\/wp-json\/wp\/v2\/pages\/268\/revisions"}],"predecessor-version":[{"id":394,"href":"https:\/\/newvet.es\/ca\/wp-json\/wp\/v2\/pages\/268\/revisions\/394"}],"wp:attachment":[{"href":"https:\/\/newvet.es\/ca\/wp-json\/wp\/v2\/media?parent=268"}],"curies":[{"name":"wp","href":"https:\/\/api.w.org\/{rel}","templated":true}]}}