{"id":272,"date":"2018-07-16T08:43:48","date_gmt":"2018-07-16T08:43:48","guid":{"rendered":"https:\/\/newvet.es\/?page_id=272"},"modified":"2019-05-12T10:58:31","modified_gmt":"2019-05-12T10:58:31","slug":"politica-de-privacidad","status":"publish","type":"page","link":"https:\/\/newvet.es\/ca\/politica-de-privacidad\/","title":{"rendered":"Pol\u00edtica de privacidad"},"content":{"rendered":"<h1>Pol\u00edtica de privacitat<\/h1>\n<p>1. \u00daS I TRACTAMENT DE DADES DE CAR\u00c0CTER PERSONALNew Veterinary Group S.L. l&#8217;informa que les dades de car\u00e0cter personal que puguin proporcionar-se, a trav\u00e9s de la website, aix\u00ed com els que pogu\u00e9s facilitar en el futur en el marc de la seva relaci\u00f3 jur\u00eddica amb aquesta entitat, seran incorporades als fitxers titularitat de New Veterinary Group SL, els dades consten a l&#8217;encabezamiento.Estos fitxers tenen la finalitat de gestionar, administrar, prestar-li els serveis o facilitar-li els productes que sol\u00b7liciti, i si escau, per al compliment i execuci\u00f3 dels contractes que pogu\u00e9s celebrar, con\u00e8ixer millor els seus gustos, adequar els serveis a les seves prefer\u00e8ncies, aix\u00ed com poder oferir-li nous serveis o productes i enviar-li informaci\u00f3 relacionada amb les activitats de New Veterinary Group SL, a trav\u00e9s de qualsevol mitj\u00e0, fins i tot l&#8217;electr\u00f2nic. Els destinataris de la informaci\u00f3 recollida seran, principalment, els empleats de New Veterinary Group S.L.Excepte en els camps en qu\u00e8 expressament es determini el contrari per mitj\u00e0 d&#8217;un asterisc (*), les respostes a les preguntes sobre dades personals s\u00f3n volunt\u00e0ries, sense que la falta de contestaci\u00f3 a aquestes preguntes impliqui una minva en la qualitat dels serveis que vost\u00e8 sol\u00b7licita. La manca d&#8217;emplenament dels camps determinats com a obligatoris o el subministrament de dades incorrectes impossibilitar\u00e0 que New Veterinary Group S.L. pugui prestar-li els serveis o li faciliti els productes que solicite.El consentiment atorgat pel tractament de les seves dades personals, pot ser revocat en qualsevol moment, dirigint-se a l&#8217;adre\u00e7a de info@vetalliance.catEls usuaris garanteixen i responen, en qualsevol cas, de l&#8217;exactitud, vig\u00e8ncia i autenticitat de les dades personals facilitades i es comprometen a mantenir-les degudament actualitzades.2. EXERCICI DE DRETS: ACC\u00c9S, RECTIFICACI\u00d3, CANCEL\u00b7LACI\u00d3 I OPOSICI\u00d3Aquelles persones f\u00edsiques que hagin facilitat les seves dades a New Veterinary Group S.L. podran exercitar gratu\u00eftament els drets d&#8217;acc\u00e9s, rectificaci\u00f3, cancel\u00b7laci\u00f3 i oposici\u00f3 respecte de les dades incorporades als fitxers de New Veterinary Group S.L. At\u00e8s el car\u00e0cter confidencial de la informaci\u00f3, V\u00e8. No podr\u00e0 exercitar els seus drets telef\u00f2nicament, ho ha de sol\u00b7licitar per qualsevol mitj\u00e0 que deixi const\u00e0ncia del seu enviament i de la seva recepci\u00f3 i remetre c\u00f2pia del seu DNI o document equivalent. L&#8217;interessat podr\u00e0 exercitar els seus drets mitjan\u00e7ant comunicaci\u00f3 per escrit dirigida a info@vetalliance.cat3. MESURES DE SEGURETATNew Veterinary Group S.L. l&#8217;informa que t\u00e9 implantades les mesures de seguretat d&#8217;\u00edndole t\u00e8cnica i organitzatives necess\u00e0ries per garantir la seguretat de les seves dades de car\u00e0cter personal i evitar la seva alteraci\u00f3, p\u00e8rdua i tractament i \/ o acc\u00e9s no autoritzat, at\u00e8s l&#8217;estat de la tecnologia, la naturalesa de les dades emmagatzemades i els riscos a qu\u00e8 estan exposats, tant si provenen de l&#8217;acci\u00f3 humana o del medi f\u00edsic o natural.El usuari ha de ser conscient que les mesures de seguretat a Internet no s\u00f3n inexpugnables i enterament fiables i que New Veterinary Group SL no pot garantir la inexist\u00e8ncia de virus o altres elements que puguin produir alteracions en els sistemes inform\u00e0tics (programari i maquinari) de l&#8217;usuari.4. MENORS D&#8217;EDATEn el sup\u00f2sit que algun dels serveis i productes vagin dirigits a menors de 14 anys. New Veterinary Group S.L. sol\u00b7licitar\u00e0 el consentiment dels pares o tutors per a la recollida de les dades personals del menor. New Veterinary Group S.L. no respon d&#8217;aquelles dades de menors que sense poder con\u00e8ixer New Veterinary Group S.L. aquest fet s&#8217;hagi facilitat sense el consentiment dels pares o tutors.5. MODIFICACI\u00d3 DE LA POL\u00cdTICA DE PRIVACITATNew Veterinary Group S.L. es reserva el dret a modificar la seva Pol\u00edtica de Privadesa, d&#8217;acord al seu propi criteri, o motivat per un canvi doctrinal de l&#8217;Autoritat competent en Protecci\u00f3 de Dades, legislatiu o jurisprudencial. Qualsevol modificaci\u00f3 de la Pol\u00edtica de Privacitat ser\u00e0 publicada, abans de la seva efectiva aplicaci\u00f3. L&#8217;\u00fas de la web despr\u00e9s d&#8217;aquests canvis, implicar\u00e0 l&#8217;acceptaci\u00f3 d&#8217;aquests.6. LEGISLACI\u00d3 APLICABLEQualsevol controv\u00e8rsia que es derivi de l&#8217;\u00fas d&#8217;aquest site, ser\u00e0 regida, interpretada i sotmesa d&#8217;acord amb les lleis d&#8217;Espanya.<\/p>\n","protected":false},"excerpt":{"rendered":"<p>Pol\u00edtica de privacitat 1. \u00daS I TRACTAMENT DE DADES DE CAR\u00c0CTER PERSONALNew Veterinary Group S.L. l&#8217;informa que les dades de car\u00e0cter personal que puguin proporcionar-se, a trav\u00e9s de la website, aix\u00ed com els que pogu\u00e9s facilitar en el futur en el marc de la seva relaci\u00f3 jur\u00eddica amb aquesta entitat, seran incorporades als fitxers titularitat [&hellip;]<\/p>\n","protected":false},"author":1,"featured_media":0,"parent":0,"menu_order":0,"comment_status":"closed","ping_status":"closed","template":"","meta":[],"yoast_head":"<!-- This site is optimized with the Yoast SEO plugin v17.5 - https:\/\/yoast.com\/wordpress\/plugins\/seo\/ -->\n<title>Pol\u00edtica de privacidad - New Vet<\/title>\n<meta name=\"robots\" content=\"noindex, follow\" \/>\n<meta property=\"og:locale\" content=\"ca_ES\" \/>\n<meta property=\"og:type\" content=\"article\" \/>\n<meta property=\"og:title\" content=\"Pol\u00edtica de privacidad - New Vet\" \/>\n<meta property=\"og:description\" content=\"Pol\u00edtica de privacitat 1. \u00daS I TRACTAMENT DE DADES DE CAR\u00c0CTER PERSONALNew Veterinary Group S.L. l&#8217;informa que les dades de car\u00e0cter personal que puguin proporcionar-se, a trav\u00e9s de la website, aix\u00ed com els que pogu\u00e9s facilitar en el futur en el marc de la seva relaci\u00f3 jur\u00eddica amb aquesta entitat, seran incorporades als fitxers titularitat [&hellip;]\" \/>\n<meta property=\"og:url\" content=\"https:\/\/newvet.es\/ca\/politica-de-privacidad\/\" \/>\n<meta property=\"og:site_name\" content=\"New Vet\" \/>\n<meta property=\"article:modified_time\" content=\"2019-05-12T10:58:31+00:00\" \/>\n<meta name=\"twitter:card\" content=\"summary\" \/>\n<meta name=\"twitter:label1\" content=\"Temps estimat de lectura\" \/>\n\t<meta name=\"twitter:data1\" content=\"4 minuts\" \/>\n<script type=\"application\/ld+json\" class=\"yoast-schema-graph\">{\"@context\":\"https:\/\/schema.org\",\"@graph\":[{\"@type\":\"WebSite\",\"@id\":\"https:\/\/newvet.es\/#website\",\"url\":\"https:\/\/newvet.es\/\",\"name\":\"New Vet\",\"description\":\"Clinica veterinaria Dosrius\",\"potentialAction\":[{\"@type\":\"SearchAction\",\"target\":{\"@type\":\"EntryPoint\",\"urlTemplate\":\"https:\/\/newvet.es\/?s={search_term_string}\"},\"query-input\":\"required name=search_term_string\"}],\"inLanguage\":\"ca\"},{\"@type\":\"WebPage\",\"@id\":\"https:\/\/newvet.es\/ca\/politica-de-privacidad\/#webpage\",\"url\":\"https:\/\/newvet.es\/ca\/politica-de-privacidad\/\",\"name\":\"Pol\\u00edtica de privacidad - New Vet\",\"isPartOf\":{\"@id\":\"https:\/\/newvet.es\/#website\"},\"datePublished\":\"2018-07-16T08:43:48+00:00\",\"dateModified\":\"2019-05-12T10:58:31+00:00\",\"breadcrumb\":{\"@id\":\"https:\/\/newvet.es\/ca\/politica-de-privacidad\/#breadcrumb\"},\"inLanguage\":\"ca\",\"potentialAction\":[{\"@type\":\"ReadAction\",\"target\":[\"https:\/\/newvet.es\/ca\/politica-de-privacidad\/\"]}]},{\"@type\":\"BreadcrumbList\",\"@id\":\"https:\/\/newvet.es\/ca\/politica-de-privacidad\/#breadcrumb\",\"itemListElement\":[{\"@type\":\"ListItem\",\"position\":1,\"name\":\"Portada\",\"item\":\"https:\/\/newvet.es\/ca\/\"},{\"@type\":\"ListItem\",\"position\":2,\"name\":\"Pol\\u00edtica de privacidad\"}]}]}<\/script>\n<!-- \/ Yoast SEO plugin. -->","yoast_head_json":{"title":"Pol\u00edtica de privacidad - New Vet","robots":{"index":"noindex","follow":"follow"},"og_locale":"ca_ES","og_type":"article","og_title":"Pol\u00edtica de privacidad - New Vet","og_description":"Pol\u00edtica de privacitat 1. \u00daS I TRACTAMENT DE DADES DE CAR\u00c0CTER PERSONALNew Veterinary Group S.L. l&#8217;informa que les dades de car\u00e0cter personal que puguin proporcionar-se, a trav\u00e9s de la website, aix\u00ed com els que pogu\u00e9s facilitar en el futur en el marc de la seva relaci\u00f3 jur\u00eddica amb aquesta entitat, seran incorporades als fitxers titularitat [&hellip;]","og_url":"https:\/\/newvet.es\/ca\/politica-de-privacidad\/","og_site_name":"New Vet","article_modified_time":"2019-05-12T10:58:31+00:00","twitter_card":"summary","twitter_misc":{"Temps estimat de lectura":"4 minuts"},"schema":{"@context":"https:\/\/schema.org","@graph":[{"@type":"WebSite","@id":"https:\/\/newvet.es\/#website","url":"https:\/\/newvet.es\/","name":"New Vet","description":"Clinica veterinaria Dosrius","potentialAction":[{"@type":"SearchAction","target":{"@type":"EntryPoint","urlTemplate":"https:\/\/newvet.es\/?s={search_term_string}"},"query-input":"required name=search_term_string"}],"inLanguage":"ca"},{"@type":"WebPage","@id":"https:\/\/newvet.es\/ca\/politica-de-privacidad\/#webpage","url":"https:\/\/newvet.es\/ca\/politica-de-privacidad\/","name":"Pol\u00edtica de privacidad - New Vet","isPartOf":{"@id":"https:\/\/newvet.es\/#website"},"datePublished":"2018-07-16T08:43:48+00:00","dateModified":"2019-05-12T10:58:31+00:00","breadcrumb":{"@id":"https:\/\/newvet.es\/ca\/politica-de-privacidad\/#breadcrumb"},"inLanguage":"ca","potentialAction":[{"@type":"ReadAction","target":["https:\/\/newvet.es\/ca\/politica-de-privacidad\/"]}]},{"@type":"BreadcrumbList","@id":"https:\/\/newvet.es\/ca\/politica-de-privacidad\/#breadcrumb","itemListElement":[{"@type":"ListItem","position":1,"name":"Portada","item":"https:\/\/newvet.es\/ca\/"},{"@type":"ListItem","position":2,"name":"Pol\u00edtica de privacidad"}]}]}},"_links":{"self":[{"href":"https:\/\/newvet.es\/ca\/wp-json\/wp\/v2\/pages\/272"}],"collection":[{"href":"https:\/\/newvet.es\/ca\/wp-json\/wp\/v2\/pages"}],"about":[{"href":"https:\/\/newvet.es\/ca\/wp-json\/wp\/v2\/types\/page"}],"author":[{"embeddable":true,"href":"https:\/\/newvet.es\/ca\/wp-json\/wp\/v2\/users\/1"}],"replies":[{"embeddable":true,"href":"https:\/\/newvet.es\/ca\/wp-json\/wp\/v2\/comments?post=272"}],"version-history":[{"count":1,"href":"https:\/\/newvet.es\/ca\/wp-json\/wp\/v2\/pages\/272\/revisions"}],"predecessor-version":[{"id":383,"href":"https:\/\/newvet.es\/ca\/wp-json\/wp\/v2\/pages\/272\/revisions\/383"}],"wp:attachment":[{"href":"https:\/\/newvet.es\/ca\/wp-json\/wp\/v2\/media?parent=272"}],"curies":[{"name":"wp","href":"https:\/\/api.w.org\/{rel}","templated":true}]}}