{"id":276,"date":"2018-07-16T08:45:27","date_gmt":"2018-07-16T08:45:27","guid":{"rendered":"https:\/\/newvet.es\/?page_id=276"},"modified":"2021-03-11T12:58:05","modified_gmt":"2021-03-11T12:58:05","slug":"serveis","status":"publish","type":"page","link":"https:\/\/newvet.es\/ca\/serveis\/","title":{"rendered":"Serveis"},"content":{"rendered":"<h1 style=\"margin-top: 30px !important; margin-bottom: 10px !important;\"><span style=\"font-size: 46px;\">Els nostres serveis<\/span><\/h1>\n<p style=\"text-align: center;\"><span style=\"font-size: 24px;\"><strong>Microxip<\/strong><\/span><\/p>\n<p style=\"text-align: center;\">Ja que \u00e9s obligatori des de 1999, ens encarreguem de posar-los i tramitar amb tota la documentaci\u00f3 per tu.<\/p>\n<p style=\"text-align: center;\"><span style=\"font-size: 24px;\"><strong>Diagn\u00f2stic per imatge<\/strong><\/span><\/p>\n<p style=\"text-align: center;\">Podem saber com est\u00e0 la teva mascota per dins de manera f\u00e0cil i amb rapidesa.<\/p>\n<p style=\"text-align: center;\"><span style=\"font-size: 24px;\"><strong>Vacunacions<\/strong><\/span><\/p>\n<p style=\"text-align: center;\">Ajudem a que la teva mascota estigui immunitzada a les malalties i virus que poden esser-li molt perjudicials.<\/p>\n<p style=\"text-align: center;\"><span style=\"font-size: 24px;\"><strong>Revisions de salut<\/strong><\/span><\/p>\n<p style=\"text-align: center;\">Detectar preco\u00e7ment determinades malalties pot esser la clau per a un tractament i recuperaci\u00f3 favorables.<\/p>\n<p><span><img alt=\"\" style=\"\" src=\"https:\/\/newvet.es\/wp-content\/uploads\/2021\/03\/Screenshot-2017-06-28-14.39.13.png\" width=\"343\" height=\"463\" data-attachment-id=\"278\" data-width=\"343\" data-height=\"463\" data-init-width=\"612\" data-init-height=\"826\" data-id=\"440\" title=\"Screenshot-2017-06-28-14.39.13\" loading=\"lazy\"><\/span><\/p>\n<p style=\"text-align: center;\"><span style=\"font-size: 24px;\"><strong>Laboratori<\/strong><\/span><\/p>\n<p style=\"text-align: center;\">Podem processar i examinar les mostres dels nostres pacients al nostre centre.<\/p>\n<p style=\"text-align: center;\"><span style=\"font-size: 24px;\"><strong>Cirurgies<\/strong><\/span><\/p>\n<p style=\"text-align: center;\">Amb cirurgians especialitzats en resoldre tot tipus de problemes.<\/p>\n<p style=\"text-align: center;\"><span style=\"font-size: 24px;\"><strong>Desparasitacions<\/strong><\/span><\/p>\n<p style=\"text-align: center;\">Mant\u00e9n a la teva mascota lliure d\u2019aquests inquilins tant molests i dels problemes que comporten.<\/p>\n<p style=\"text-align: center;\"><span style=\"font-size: 24px;\"><strong>Consulta d\u2019especialitat<\/strong><\/span><\/p>\n<p style=\"text-align: center;\">No nom\u00e9s entenem de gossos i gats, sin\u00f3 que tamb\u00e9 estem especialitzats en animal ex\u00f2tics.<\/p>\n","protected":false},"excerpt":{"rendered":"<p>Els nostres serveis Microxip Ja que \u00e9s obligatori des de 1999, ens encarreguem de posar-los i tramitar amb tota la documentaci\u00f3 per tu. Diagn\u00f2stic per imatge Podem saber com est\u00e0 la teva mascota per dins de manera f\u00e0cil i amb rapidesa. Vacunacions Ajudem a que la teva mascota estigui immunitzada a les malalties i virus [&hellip;]<\/p>\n","protected":false},"author":1,"featured_media":0,"parent":0,"menu_order":0,"comment_status":"closed","ping_status":"closed","template":"","meta":[],"yoast_head":"<!-- This site is optimized with the Yoast SEO plugin v17.5 - https:\/\/yoast.com\/wordpress\/plugins\/seo\/ -->\n<title>Serveis - New Vet<\/title>\n<meta name=\"robots\" content=\"index, follow, max-snippet:-1, max-image-preview:large, max-video-preview:-1\" \/>\n<link rel=\"canonical\" href=\"https:\/\/newvet.es\/ca\/serveis\/\" \/>\n<meta property=\"og:locale\" content=\"ca_ES\" \/>\n<meta property=\"og:type\" content=\"article\" \/>\n<meta property=\"og:title\" content=\"Serveis - New Vet\" \/>\n<meta property=\"og:description\" content=\"Els nostres serveis Microxip Ja que \u00e9s obligatori des de 1999, ens encarreguem de posar-los i tramitar amb tota la documentaci\u00f3 per tu. Diagn\u00f2stic per imatge Podem saber com est\u00e0 la teva mascota per dins de manera f\u00e0cil i amb rapidesa. Vacunacions Ajudem a que la teva mascota estigui immunitzada a les malalties i virus [&hellip;]\" \/>\n<meta property=\"og:url\" content=\"https:\/\/newvet.es\/ca\/serveis\/\" \/>\n<meta property=\"og:site_name\" content=\"New Vet\" \/>\n<meta property=\"article:modified_time\" content=\"2021-03-11T12:58:05+00:00\" \/>\n<meta property=\"og:image\" content=\"https:\/\/newvet.es\/wp-content\/uploads\/2021\/03\/Screenshot-2017-06-28-14.39.13.png\" \/>\n<meta name=\"twitter:card\" content=\"summary\" \/>\n<meta name=\"twitter:label1\" content=\"Temps estimat de lectura\" \/>\n\t<meta name=\"twitter:data1\" content=\"1 minut\" \/>\n<script type=\"application\/ld+json\" class=\"yoast-schema-graph\">{\"@context\":\"https:\/\/schema.org\",\"@graph\":[{\"@type\":\"WebSite\",\"@id\":\"https:\/\/newvet.es\/#website\",\"url\":\"https:\/\/newvet.es\/\",\"name\":\"New Vet\",\"description\":\"Clinica veterinaria Dosrius\",\"potentialAction\":[{\"@type\":\"SearchAction\",\"target\":{\"@type\":\"EntryPoint\",\"urlTemplate\":\"https:\/\/newvet.es\/?s={search_term_string}\"},\"query-input\":\"required name=search_term_string\"}],\"inLanguage\":\"ca\"},{\"@type\":\"ImageObject\",\"@id\":\"https:\/\/newvet.es\/ca\/serveis\/#primaryimage\",\"inLanguage\":\"ca\",\"url\":\"https:\/\/newvet.es\/wp-content\/uploads\/2021\/03\/Screenshot-2017-06-28-14.39.13.png\",\"contentUrl\":\"https:\/\/newvet.es\/wp-content\/uploads\/2021\/03\/Screenshot-2017-06-28-14.39.13.png\",\"width\":612,\"height\":826},{\"@type\":\"WebPage\",\"@id\":\"https:\/\/newvet.es\/ca\/serveis\/#webpage\",\"url\":\"https:\/\/newvet.es\/ca\/serveis\/\",\"name\":\"Serveis - New Vet\",\"isPartOf\":{\"@id\":\"https:\/\/newvet.es\/#website\"},\"primaryImageOfPage\":{\"@id\":\"https:\/\/newvet.es\/ca\/serveis\/#primaryimage\"},\"datePublished\":\"2018-07-16T08:45:27+00:00\",\"dateModified\":\"2021-03-11T12:58:05+00:00\",\"breadcrumb\":{\"@id\":\"https:\/\/newvet.es\/ca\/serveis\/#breadcrumb\"},\"inLanguage\":\"ca\",\"potentialAction\":[{\"@type\":\"ReadAction\",\"target\":[\"https:\/\/newvet.es\/ca\/serveis\/\"]}]},{\"@type\":\"BreadcrumbList\",\"@id\":\"https:\/\/newvet.es\/ca\/serveis\/#breadcrumb\",\"itemListElement\":[{\"@type\":\"ListItem\",\"position\":1,\"name\":\"Portada\",\"item\":\"https:\/\/newvet.es\/ca\/\"},{\"@type\":\"ListItem\",\"position\":2,\"name\":\"Serveis\"}]}]}<\/script>\n<!-- \/ Yoast SEO plugin. -->","yoast_head_json":{"title":"Serveis - New Vet","robots":{"index":"index","follow":"follow","max-snippet":"max-snippet:-1","max-image-preview":"max-image-preview:large","max-video-preview":"max-video-preview:-1"},"canonical":"https:\/\/newvet.es\/ca\/serveis\/","og_locale":"ca_ES","og_type":"article","og_title":"Serveis - New Vet","og_description":"Els nostres serveis Microxip Ja que \u00e9s obligatori des de 1999, ens encarreguem de posar-los i tramitar amb tota la documentaci\u00f3 per tu. Diagn\u00f2stic per imatge Podem saber com est\u00e0 la teva mascota per dins de manera f\u00e0cil i amb rapidesa. Vacunacions Ajudem a que la teva mascota estigui immunitzada a les malalties i virus [&hellip;]","og_url":"https:\/\/newvet.es\/ca\/serveis\/","og_site_name":"New Vet","article_modified_time":"2021-03-11T12:58:05+00:00","og_image":[{"url":"https:\/\/newvet.es\/wp-content\/uploads\/2021\/03\/Screenshot-2017-06-28-14.39.13.png"}],"twitter_card":"summary","twitter_misc":{"Temps estimat de lectura":"1 minut"},"schema":{"@context":"https:\/\/schema.org","@graph":[{"@type":"WebSite","@id":"https:\/\/newvet.es\/#website","url":"https:\/\/newvet.es\/","name":"New Vet","description":"Clinica veterinaria Dosrius","potentialAction":[{"@type":"SearchAction","target":{"@type":"EntryPoint","urlTemplate":"https:\/\/newvet.es\/?s={search_term_string}"},"query-input":"required name=search_term_string"}],"inLanguage":"ca"},{"@type":"ImageObject","@id":"https:\/\/newvet.es\/ca\/serveis\/#primaryimage","inLanguage":"ca","url":"https:\/\/newvet.es\/wp-content\/uploads\/2021\/03\/Screenshot-2017-06-28-14.39.13.png","contentUrl":"https:\/\/newvet.es\/wp-content\/uploads\/2021\/03\/Screenshot-2017-06-28-14.39.13.png","width":612,"height":826},{"@type":"WebPage","@id":"https:\/\/newvet.es\/ca\/serveis\/#webpage","url":"https:\/\/newvet.es\/ca\/serveis\/","name":"Serveis - New Vet","isPartOf":{"@id":"https:\/\/newvet.es\/#website"},"primaryImageOfPage":{"@id":"https:\/\/newvet.es\/ca\/serveis\/#primaryimage"},"datePublished":"2018-07-16T08:45:27+00:00","dateModified":"2021-03-11T12:58:05+00:00","breadcrumb":{"@id":"https:\/\/newvet.es\/ca\/serveis\/#breadcrumb"},"inLanguage":"ca","potentialAction":[{"@type":"ReadAction","target":["https:\/\/newvet.es\/ca\/serveis\/"]}]},{"@type":"BreadcrumbList","@id":"https:\/\/newvet.es\/ca\/serveis\/#breadcrumb","itemListElement":[{"@type":"ListItem","position":1,"name":"Portada","item":"https:\/\/newvet.es\/ca\/"},{"@type":"ListItem","position":2,"name":"Serveis"}]}]}},"_links":{"self":[{"href":"https:\/\/newvet.es\/ca\/wp-json\/wp\/v2\/pages\/276"}],"collection":[{"href":"https:\/\/newvet.es\/ca\/wp-json\/wp\/v2\/pages"}],"about":[{"href":"https:\/\/newvet.es\/ca\/wp-json\/wp\/v2\/types\/page"}],"author":[{"embeddable":true,"href":"https:\/\/newvet.es\/ca\/wp-json\/wp\/v2\/users\/1"}],"replies":[{"embeddable":true,"href":"https:\/\/newvet.es\/ca\/wp-json\/wp\/v2\/comments?post=276"}],"version-history":[{"count":1,"href":"https:\/\/newvet.es\/ca\/wp-json\/wp\/v2\/pages\/276\/revisions"}],"predecessor-version":[{"id":444,"href":"https:\/\/newvet.es\/ca\/wp-json\/wp\/v2\/pages\/276\/revisions\/444"}],"wp:attachment":[{"href":"https:\/\/newvet.es\/ca\/wp-json\/wp\/v2\/media?parent=276"}],"curies":[{"name":"wp","href":"https:\/\/api.w.org\/{rel}","templated":true}]}}